{"id":14247,"date":"2018-04-12T19:20:31","date_gmt":"2018-04-12T17:20:31","guid":{"rendered":"http:\/\/www.cde.ual.es\/mercado-union-europea\/"},"modified":"2020-01-28T10:08:17","modified_gmt":"2020-01-28T09:08:17","slug":"single-market","status":"publish","type":"page","link":"https:\/\/www.cde.ual.es\/en\/single-market\/","title":{"rendered":"Single Market"},"content":{"rendered":"\n\t<h1>Single Market<\/h1>\n<p>Documentation on the European Union in the areas of Economic and Financial Affairs, Banking, Brexit, Commerce, Competition, Competitiveness and SMEs, Consumers, Internal Market, Digital Single Market, Common Market, Labor and Employment. It also contains the latest news, media library and bulletins related to the subject.<\/p>\n<hr \/>\n<p>You are here: <a href=\"http:\/\/www.cde.ual.es\/en\/documentacion\/fondo-bibliografico\/fondo-digital-centro-documentacion-europea-almeria\/\">CDE Digital Collection<\/a> &gt; Single Market<\/p>\n\t<form data-sf-form-id='14295' data-is-rtl='0' data-maintain-state='' data-results-url='https:\/\/www.cde.ual.es\/en\/?sfid=14295' data-ajax-url='https:\/\/www.cde.ual.es\/en\/?sfid=14295&amp;sf_data=all' data-ajax-form-url='https:\/\/www.cde.ual.es\/en\/?sfid=14295&amp;sf_action=get_data&amp;sf_data=form' data-display-result-method='archive' data-use-history-api='1' data-template-loaded='0' data-lang-code='en' data-ajax='1' data-ajax-data-type='html' data-ajax-links-selector='.pagination a' data-ajax-target='#main' data-ajax-pagination-type='normal' data-update-ajax-url='1' data-only-results-ajax='1' data-scroll-to-pos='0' data-init-paged='1' data-auto-update='' data-auto-count='1' action='https:\/\/www.cde.ual.es\/en\/?sfid=14295' method='post' class='searchandfilter' id='search-filter-form-14295' autocomplete='off' data-instance-count='1'><ul><li class=\"sf-field-search\" data-sf-field-name=\"search\" data-sf-field-type=\"search\" data-sf-field-input-type=\"\"><h4>Advanced search<\/h4>\t\t<label>\n\t\t\t\t   <input placeholder=\"Search \u2026\" name=\"_sf_search[]\" class=\"sf-input-text\" type=\"text\" value=\"\" title=\"\"><\/label>\t\t<\/li><li class=\"sf-field-post_date\" data-sf-field-name=\"_sf_post_date\" data-sf-field-type=\"post_date\" data-sf-field-input-type=\"daterange\"><h4>Publication date<\/h4><ul class=\"sf_date_field\" data-date-format=\"dd\/mm\/yy\" data-date-use-year-dropdown='1' data-date-use-month-dropdown='1'><li>\t\t<label>\n\t\t\t\t   \t\t\t<span class=\"screen-reader-text\">Escoja un rango de fechas\u2026<\/span><input placeholder=\"From\" class=\"sf-datepicker sf-input-date sf-input-text\" name=\"_sf_post_date[]\" type=\"text\" value=\"\" title=\"Escoja un rango de fechas\u2026\"><\/label>\t\t<\/li><li>\t\t<label>\n\t\t\t\t   \t\t\t<span class=\"screen-reader-text\">Escoja un rango de fechas\u2026<\/span><input placeholder=\"To\" class=\"sf-datepicker sf-input-date sf-input-text\" name=\"_sf_post_date[]\" type=\"text\" value=\"\" title=\"Escoja un rango de fechas\u2026\"><\/label>\t\t<\/li><\/ul><\/li><li class=\"sf-field-post-meta-tipologia_documental\" data-sf-field-name=\"_sfm_tipologia_documental\" data-sf-field-type=\"post_meta\" data-sf-field-input-type=\"select\" data-sf-meta-type=\"choice\"><h4>Document tipology<\/h4>\t\t<label>\n\t\t\t\t   \t\t<select name=\"_sfm_tipologia_documental[]\" class=\"sf-input-select\" title=\"\">\n\t\t\t\t\t\t  \t\t\t<option class=\"sf-level-0 sf-item-0 sf-option-active\" selected=\"selected\" data-sf-depth=\"0\" value=\"\">All<\/option>\n\t\t\t\t\t\t\t\t\t\t\t<\/select><\/label>\t\t\t\t\t\t\t\t\t\t<\/li><li class=\"sf-field-post-meta-tematica\" data-sf-field-name=\"_sfm_tematica\" data-sf-field-type=\"post_meta\" data-sf-field-input-type=\"select\" data-sf-meta-type=\"choice\"><h4>Subject<\/h4>\t\t<label>\n\t\t\t\t   \t\t<select name=\"_sfm_tematica[]\" class=\"sf-input-select\" title=\"\">\n\t\t\t\t\t\t  \t\t\t<option class=\"sf-level-0 sf-item-0 sf-option-active\" selected=\"selected\" data-sf-depth=\"0\" value=\"\">All<\/option>\n\t\t\t\t\t\t\t\t\t\t\t<\/select><\/label>\t\t\t\t\t\t\t\t\t\t<\/li><li class=\"sf-field-post-meta-perfil\" data-sf-field-name=\"_sfm_perfil\" data-sf-field-type=\"post_meta\" data-sf-field-input-type=\"select\" data-sf-meta-type=\"choice\"><h4>Profile<\/h4>\t\t<label>\n\t\t\t\t   \t\t<select name=\"_sfm_perfil[]\" class=\"sf-input-select\" title=\"\">\n\t\t\t\t\t\t  \t\t\t<option class=\"sf-level-0 sf-item-0 sf-option-active\" selected=\"selected\" data-sf-depth=\"0\" value=\"\">All<\/option>\n\t\t\t\t\t\t\t\t\t\t\t<\/select><\/label>\t\t\t\t\t\t\t\t\t\t<\/li><li class=\"sf-field-submit\" data-sf-field-name=\"submit\" data-sf-field-type=\"submit\" data-sf-field-input-type=\"\"><input type=\"submit\" name=\"_sf_submit\" value=\"Search\"><\/li><\/ul><\/form>\n\t<h2>Related News<\/h2>\n\t\t\t<a href=\"https:\/\/www.cde.ual.es\/en\/category\/eu-news\/?tag=single-market\" target=\"_self\" role=\"button\">\n\t\t\t\t\t\t\tSee all\n\t\t\t<\/a>\n\t<h2>Media Collection<br \/>\n<\/h2>\n\t\t\t<a href=\"https:\/\/www.cde.ual.es\/en\/mediateca-mercado-ue\/\" target=\"_self\" role=\"button\">\n\t\t\t\t\t\t\tSee all\n\t\t\t<\/a>\n\t<h2>EDC Bulletins<\/h2>\n\t<ul>\n<li><a href=\"https:\/\/www.cde.ual.es\/wp-content\/uploads\/2020\/01\/ENG-BOLET%C3%8DN-MERCADO-10-2.pdf\">SPECIALIZED BULLETIN EU SINGLE MARKET (N\u00ba10)<\/a><\/li>\n<li><a href=\"https:\/\/www.cde.ual.es\/wp-content\/uploads\/2019\/10\/EN-Bolet%C3%ADn-Mercado-en-la-UE-N%C2%BA9.pdf\">SPECIALIZED BULLETIN EU SINGLE MARKET (N\u00ba9)<\/a><\/li>\n<li><a href=\"https:\/\/www.cde.ual.es\/wp-content\/uploads\/2019\/07\/SPECIALIZED-BULLETIN-EU-SINGLE-MARKET-N\u00ba8.pdf\">SPECIALIZED BULLETIN EU SINGLE MARKET (N\u00ba8)<\/a><\/li>\n<li><a href=\"https:\/\/www.cde.ual.es\/wp-content\/uploads\/2019\/05\/EU-Single-Market-Bulletin-N\u00ba7-1.pdf\">SPECIALIZED BULLETIN EU SINGLE MARKET (N\u00ba7)<\/a><\/li>\n<li><a href=\"http:\/\/www.cde.ual.es\/wp-content\/uploads\/2019\/04\/INFORMATIVE-BULLETIN-EU-SINGLE-MARKET-N%C2%BA6.pdf\">SPECIALIZED BULLETIN EU SINGLE MARKET (N\u00ba6)<\/a><\/li>\n<\/ul>\n","protected":false},"excerpt":{"rendered":"<p>Espacio que recoge documentaci\u00f3n, noticias, mediateca y boletines pertenecientes a la categor\u00eda Mercado en la Uni\u00f3n Europea.<\/p>\n","protected":false},"author":1,"featured_media":14248,"parent":0,"menu_order":0,"comment_status":"closed","ping_status":"closed","template":"templates\/page-builder.php","meta":{"_acf_changed":false,"_relevanssi_hide_post":"","_relevanssi_hide_content":"","_relevanssi_pin_for_all":"","_relevanssi_pin_keywords":"","_relevanssi_unpin_keywords":"","_relevanssi_related_keywords":"","_relevanssi_related_include_ids":"","_relevanssi_related_exclude_ids":"","_relevanssi_related_no_append":"","_relevanssi_related_not_related":"","_relevanssi_related_posts":"","_relevanssi_noindex_reason":"","_monsterinsights_skip_tracking":false,"_monsterinsights_sitenote_active":false,"_monsterinsights_sitenote_note":"","_monsterinsights_sitenote_category":0,"_genesis_hide_title":false,"_genesis_hide_breadcrumbs":false,"_genesis_hide_singular_image":false,"_genesis_hide_footer_widgets":false,"_genesis_custom_body_class":"","_genesis_custom_post_class":"","_genesis_layout":"full-width-content","footnotes":""},"class_list":{"0":"post-14247","1":"page","2":"type-page","3":"status-publish","4":"has-post-thumbnail","6":"entry"},"acf":[],"yoast_head":"<!-- This site is optimized with the Yoast SEO plugin v27.3 - https:\/\/yoast.com\/product\/yoast-seo-wordpress\/ -->\n<title>Single Market | CDE Almer\u00eda - Centro de Documentaci\u00f3n Europea - Universidad de Almer\u00eda<\/title>\n<meta name=\"robots\" content=\"index, follow, max-snippet:-1, max-image-preview:large, max-video-preview:-1\" \/>\n<link rel=\"canonical\" href=\"https:\/\/www.cde.ual.es\/en\/single-market\/\" \/>\n<meta property=\"og:locale\" content=\"en_US\" \/>\n<meta property=\"og:type\" content=\"article\" \/>\n<meta property=\"og:title\" content=\"Single Market | CDE Almer\u00eda - Centro de Documentaci\u00f3n Europea - Universidad de Almer\u00eda\" \/>\n<meta property=\"og:description\" content=\"Espacio que recoge documentaci\u00f3n, noticias, mediateca y boletines pertenecientes a la categor\u00eda Mercado en la Uni\u00f3n Europea.\" \/>\n<meta property=\"og:url\" content=\"https:\/\/www.cde.ual.es\/en\/single-market\/\" \/>\n<meta property=\"og:site_name\" content=\"CDE Almer\u00eda - Centro de Documentaci\u00f3n Europea - Universidad de Almer\u00eda\" \/>\n<meta property=\"article:publisher\" content=\"https:\/\/www.facebook.com\/cdeuniversidadalmeria\/\" \/>\n<meta property=\"article:modified_time\" content=\"2020-01-28T09:08:17+00:00\" \/>\n<meta property=\"og:image\" content=\"https:\/\/www.cde.ual.es\/wp-content\/uploads\/2018\/05\/mercado-ue.jpg\" \/>\n\t<meta property=\"og:image:width\" content=\"365\" \/>\n\t<meta property=\"og:image:height\" content=\"225\" \/>\n\t<meta property=\"og:image:type\" content=\"image\/jpeg\" \/>\n<meta name=\"twitter:card\" content=\"summary_large_image\" \/>\n<meta name=\"twitter:site\" content=\"@cdeualmeria\" \/>\n<script type=\"application\/ld+json\" class=\"yoast-schema-graph\">{\"@context\":\"https:\\\/\\\/schema.org\",\"@graph\":[{\"@type\":\"WebPage\",\"@id\":\"https:\\\/\\\/www.cde.ual.es\\\/en\\\/single-market\\\/\",\"url\":\"https:\\\/\\\/www.cde.ual.es\\\/en\\\/single-market\\\/\",\"name\":\"Single Market | CDE Almer\u00eda - Centro de Documentaci\u00f3n Europea - Universidad de Almer\u00eda\",\"isPartOf\":{\"@id\":\"https:\\\/\\\/www.cde.ual.es\\\/#website\"},\"primaryImageOfPage\":{\"@id\":\"https:\\\/\\\/www.cde.ual.es\\\/en\\\/single-market\\\/#primaryimage\"},\"image\":{\"@id\":\"https:\\\/\\\/www.cde.ual.es\\\/en\\\/single-market\\\/#primaryimage\"},\"thumbnailUrl\":\"https:\\\/\\\/www.cde.ual.es\\\/wp-content\\\/uploads\\\/2018\\\/05\\\/mercado-ue.jpg\",\"datePublished\":\"2018-04-12T17:20:31+00:00\",\"dateModified\":\"2020-01-28T09:08:17+00:00\",\"breadcrumb\":{\"@id\":\"https:\\\/\\\/www.cde.ual.es\\\/en\\\/single-market\\\/#breadcrumb\"},\"inLanguage\":\"en-US\",\"potentialAction\":[{\"@type\":\"ReadAction\",\"target\":[\"https:\\\/\\\/www.cde.ual.es\\\/en\\\/single-market\\\/\"]}]},{\"@type\":\"ImageObject\",\"inLanguage\":\"en-US\",\"@id\":\"https:\\\/\\\/www.cde.ual.es\\\/en\\\/single-market\\\/#primaryimage\",\"url\":\"https:\\\/\\\/www.cde.ual.es\\\/wp-content\\\/uploads\\\/2018\\\/05\\\/mercado-ue.jpg\",\"contentUrl\":\"https:\\\/\\\/www.cde.ual.es\\\/wp-content\\\/uploads\\\/2018\\\/05\\\/mercado-ue.jpg\",\"width\":365,\"height\":225},{\"@type\":\"BreadcrumbList\",\"@id\":\"https:\\\/\\\/www.cde.ual.es\\\/en\\\/single-market\\\/#breadcrumb\",\"itemListElement\":[{\"@type\":\"ListItem\",\"position\":1,\"name\":\"Inicio\",\"item\":\"https:\\\/\\\/www.cde.ual.es\\\/en\\\/\"},{\"@type\":\"ListItem\",\"position\":2,\"name\":\"Single Market\"}]},{\"@type\":\"WebSite\",\"@id\":\"https:\\\/\\\/www.cde.ual.es\\\/#website\",\"url\":\"https:\\\/\\\/www.cde.ual.es\\\/\",\"name\":\"CDE Almer\u00eda - Centro de Documentaci\u00f3n Europea - Universidad de Almer\u00eda\",\"description\":\"Centro de Documentaci\u00f3n Europea de la Universidad de Almer\u00eda\",\"publisher\":{\"@id\":\"https:\\\/\\\/www.cde.ual.es\\\/#organization\"},\"alternateName\":\"CDE Almer\u00eda\",\"potentialAction\":[{\"@type\":\"SearchAction\",\"target\":{\"@type\":\"EntryPoint\",\"urlTemplate\":\"https:\\\/\\\/www.cde.ual.es\\\/?s={search_term_string}\"},\"query-input\":{\"@type\":\"PropertyValueSpecification\",\"valueRequired\":true,\"valueName\":\"search_term_string\"}}],\"inLanguage\":\"en-US\"},{\"@type\":\"Organization\",\"@id\":\"https:\\\/\\\/www.cde.ual.es\\\/#organization\",\"name\":\"Centro de Documentaci\u00f3n Europea de Almer\u00eda\",\"url\":\"https:\\\/\\\/www.cde.ual.es\\\/\",\"logo\":{\"@type\":\"ImageObject\",\"inLanguage\":\"en-US\",\"@id\":\"https:\\\/\\\/www.cde.ual.es\\\/#\\\/schema\\\/logo\\\/image\\\/\",\"url\":\"https:\\\/\\\/www.cde.ual.es\\\/wp-content\\\/uploads\\\/2025\\\/07\\\/cde-logo-3.png\",\"contentUrl\":\"https:\\\/\\\/www.cde.ual.es\\\/wp-content\\\/uploads\\\/2025\\\/07\\\/cde-logo-3.png\",\"width\":1400,\"height\":300,\"caption\":\"Centro de Documentaci\u00f3n Europea de Almer\u00eda\"},\"image\":{\"@id\":\"https:\\\/\\\/www.cde.ual.es\\\/#\\\/schema\\\/logo\\\/image\\\/\"},\"sameAs\":[\"https:\\\/\\\/www.facebook.com\\\/cdeuniversidadalmeria\\\/\",\"https:\\\/\\\/x.com\\\/cdeualmeria\",\"https:\\\/\\\/www.tiktok.com\\\/@cdealmeria\",\"https:\\\/\\\/www.instagram.com\\\/cdealmeria\\\/\",\"https:\\\/\\\/www.linkedin.com\\\/in\\\/cde-almera-812b26a9\\\/\"]}]}<\/script>\n<!-- \/ Yoast SEO plugin. -->","yoast_head_json":{"title":"Single Market | CDE Almer\u00eda - Centro de Documentaci\u00f3n Europea - Universidad de Almer\u00eda","robots":{"index":"index","follow":"follow","max-snippet":"max-snippet:-1","max-image-preview":"max-image-preview:large","max-video-preview":"max-video-preview:-1"},"canonical":"https:\/\/www.cde.ual.es\/en\/single-market\/","og_locale":"en_US","og_type":"article","og_title":"Single Market | CDE Almer\u00eda - Centro de Documentaci\u00f3n Europea - Universidad de Almer\u00eda","og_description":"Espacio que recoge documentaci\u00f3n, noticias, mediateca y boletines pertenecientes a la categor\u00eda Mercado en la Uni\u00f3n Europea.","og_url":"https:\/\/www.cde.ual.es\/en\/single-market\/","og_site_name":"CDE Almer\u00eda - Centro de Documentaci\u00f3n Europea - Universidad de Almer\u00eda","article_publisher":"https:\/\/www.facebook.com\/cdeuniversidadalmeria\/","article_modified_time":"2020-01-28T09:08:17+00:00","og_image":[{"width":365,"height":225,"url":"https:\/\/www.cde.ual.es\/wp-content\/uploads\/2018\/05\/mercado-ue.jpg","type":"image\/jpeg"}],"twitter_card":"summary_large_image","twitter_site":"@cdeualmeria","schema":{"@context":"https:\/\/schema.org","@graph":[{"@type":"WebPage","@id":"https:\/\/www.cde.ual.es\/en\/single-market\/","url":"https:\/\/www.cde.ual.es\/en\/single-market\/","name":"Single Market | CDE Almer\u00eda - Centro de Documentaci\u00f3n Europea - Universidad de Almer\u00eda","isPartOf":{"@id":"https:\/\/www.cde.ual.es\/#website"},"primaryImageOfPage":{"@id":"https:\/\/www.cde.ual.es\/en\/single-market\/#primaryimage"},"image":{"@id":"https:\/\/www.cde.ual.es\/en\/single-market\/#primaryimage"},"thumbnailUrl":"https:\/\/www.cde.ual.es\/wp-content\/uploads\/2018\/05\/mercado-ue.jpg","datePublished":"2018-04-12T17:20:31+00:00","dateModified":"2020-01-28T09:08:17+00:00","breadcrumb":{"@id":"https:\/\/www.cde.ual.es\/en\/single-market\/#breadcrumb"},"inLanguage":"en-US","potentialAction":[{"@type":"ReadAction","target":["https:\/\/www.cde.ual.es\/en\/single-market\/"]}]},{"@type":"ImageObject","inLanguage":"en-US","@id":"https:\/\/www.cde.ual.es\/en\/single-market\/#primaryimage","url":"https:\/\/www.cde.ual.es\/wp-content\/uploads\/2018\/05\/mercado-ue.jpg","contentUrl":"https:\/\/www.cde.ual.es\/wp-content\/uploads\/2018\/05\/mercado-ue.jpg","width":365,"height":225},{"@type":"BreadcrumbList","@id":"https:\/\/www.cde.ual.es\/en\/single-market\/#breadcrumb","itemListElement":[{"@type":"ListItem","position":1,"name":"Inicio","item":"https:\/\/www.cde.ual.es\/en\/"},{"@type":"ListItem","position":2,"name":"Single Market"}]},{"@type":"WebSite","@id":"https:\/\/www.cde.ual.es\/#website","url":"https:\/\/www.cde.ual.es\/","name":"CDE Almer\u00eda - Centro de Documentaci\u00f3n Europea - Universidad de Almer\u00eda","description":"Centro de Documentaci\u00f3n Europea de la Universidad de Almer\u00eda","publisher":{"@id":"https:\/\/www.cde.ual.es\/#organization"},"alternateName":"CDE Almer\u00eda","potentialAction":[{"@type":"SearchAction","target":{"@type":"EntryPoint","urlTemplate":"https:\/\/www.cde.ual.es\/?s={search_term_string}"},"query-input":{"@type":"PropertyValueSpecification","valueRequired":true,"valueName":"search_term_string"}}],"inLanguage":"en-US"},{"@type":"Organization","@id":"https:\/\/www.cde.ual.es\/#organization","name":"Centro de Documentaci\u00f3n Europea de Almer\u00eda","url":"https:\/\/www.cde.ual.es\/","logo":{"@type":"ImageObject","inLanguage":"en-US","@id":"https:\/\/www.cde.ual.es\/#\/schema\/logo\/image\/","url":"https:\/\/www.cde.ual.es\/wp-content\/uploads\/2025\/07\/cde-logo-3.png","contentUrl":"https:\/\/www.cde.ual.es\/wp-content\/uploads\/2025\/07\/cde-logo-3.png","width":1400,"height":300,"caption":"Centro de Documentaci\u00f3n Europea de Almer\u00eda"},"image":{"@id":"https:\/\/www.cde.ual.es\/#\/schema\/logo\/image\/"},"sameAs":["https:\/\/www.facebook.com\/cdeuniversidadalmeria\/","https:\/\/x.com\/cdeualmeria","https:\/\/www.tiktok.com\/@cdealmeria","https:\/\/www.instagram.com\/cdealmeria\/","https:\/\/www.linkedin.com\/in\/cde-almera-812b26a9\/"]}]}},"_links":{"self":[{"href":"https:\/\/www.cde.ual.es\/en\/wp-json\/wp\/v2\/pages\/14247","targetHints":{"allow":["GET"]}}],"collection":[{"href":"https:\/\/www.cde.ual.es\/en\/wp-json\/wp\/v2\/pages"}],"about":[{"href":"https:\/\/www.cde.ual.es\/en\/wp-json\/wp\/v2\/types\/page"}],"author":[{"embeddable":true,"href":"https:\/\/www.cde.ual.es\/en\/wp-json\/wp\/v2\/users\/1"}],"replies":[{"embeddable":true,"href":"https:\/\/www.cde.ual.es\/en\/wp-json\/wp\/v2\/comments?post=14247"}],"version-history":[{"count":0,"href":"https:\/\/www.cde.ual.es\/en\/wp-json\/wp\/v2\/pages\/14247\/revisions"}],"wp:featuredmedia":[{"embeddable":true,"href":"https:\/\/www.cde.ual.es\/en\/wp-json\/wp\/v2\/media\/14248"}],"wp:attachment":[{"href":"https:\/\/www.cde.ual.es\/en\/wp-json\/wp\/v2\/media?parent=14247"}],"curies":[{"name":"wp","href":"https:\/\/api.w.org\/{rel}","templated":true}]}}