{"id":14229,"date":"2018-05-16T11:41:01","date_gmt":"2018-05-16T09:41:01","guid":{"rendered":"http:\/\/www.cde.ual.es\/mediateca-medioambiente\/"},"modified":"2019-03-06T10:49:27","modified_gmt":"2019-03-06T09:49:27","slug":"media-collection-environment","status":"publish","type":"page","link":"https:\/\/www.cde.ual.es\/en\/media-collection-environment\/","title":{"rendered":"Environment"},"content":{"rendered":"<h1>\n\t\tMedia Collection\n\t<\/h1>\n\t<p>You are here: <a href=\"http:\/\/www.cde.ual.es\/en\">Home<\/a> &gt; <a href=\"http:\/\/www.cde.ual.es\/en\/documentation\/\">Documentation<\/a> &gt; <a href=\"http:\/\/www.cde.ual.es\/en\/media-collection\/\">Media Collection<\/a> &gt; Mediatheque Repository<\/p>\n\t<h2>Environment<\/h2>\n\t<h3>Filter by topic:<\/h3>\n    <a href=\"http:\/\/www.cde.ual.es\/en\/media-collection-agriculture\/\"><br \/>\n    <img decoding=\"async\" src=\"http:\/\/www.cde.ual.es\/wp-content\/uploads\/2019\/03\/1-agricultura-y-pesca.jpg\" alt=\"\" width=\"297\" height=\"60\" \/><br \/>\n    <strong>Agriculture and Fishery<\/strong><br \/>\n    <\/a><br \/>\n    <a href=\"http:\/\/www.cde.ual.es\/en\/media-collection-single-market\/\"><br \/>\n    <img decoding=\"async\" src=\"http:\/\/www.cde.ual.es\/wp-content\/uploads\/2019\/03\/2-mercado-en-la-union-europea.jpg\" alt=\"\" width=\"297\" height=\"61\" \/><br \/>\n    <strong>Single Market<\/strong><br \/>\n    <\/a><br \/>\n    <a href=\"http:\/\/www.cde.ual.es\/en\/media-collection-international-cooperation\/\"><br \/>\n    <img decoding=\"async\" src=\"http:\/\/www.cde.ual.es\/wp-content\/uploads\/2019\/03\/3-cooperacion-internacional.jpg\" alt=\"\" width=\"297\" height=\"60\" \/><br \/>\n    <strong>International Cooperation<\/strong><br \/>\n    <\/a><br \/>\n    <a href=\"http:\/\/www.cde.ual.es\/en\/media-collection-european-institutions\/\"><br \/>\n    <img decoding=\"async\" src=\"http:\/\/www.cde.ual.es\/wp-content\/uploads\/2019\/03\/4-instituciones-europeas.jpg\" alt=\"\" width=\"297\" height=\"60\" \/><br \/>\n    <strong>Europeans Institutions<\/strong><br \/>\n    <\/a><br \/>\n    <a href=\"http:\/\/www.cde.ual.es\/en\/media-collection-european-union\/\"><br \/>\n    <img decoding=\"async\" src=\"http:\/\/www.cde.ual.es\/wp-content\/uploads\/2019\/03\/5-union-europea.jpg\" alt=\"\" width=\"297\" height=\"60\" \/><br \/>\n    <strong>European Union<\/strong><br \/>\n    <\/a><br \/>\n    <a href=\"http:\/\/www.cde.ual.es\/en\/media-collection-culture-and-education\/\"><br \/>\n    <img decoding=\"async\" src=\"http:\/\/www.cde.ual.es\/wp-content\/uploads\/2019\/03\/6-cultura-y-educacion.jpg\" alt=\"\" width=\"297\" height=\"61\" \/><br \/>\n    <strong>Culture and Education<\/strong><br \/>\n    <\/a><br \/>\n    <a href=\"http:\/\/www.cde.ual.es\/en\/media-collection-defense-and-security\/\"><br \/>\n    <img decoding=\"async\" src=\"http:\/\/www.cde.ual.es\/wp-content\/uploads\/2019\/03\/7-defensa-y-seguridad.jpg\" alt=\"\" width=\"297\" height=\"60\" \/><br \/>\n    <strong>Defense and Security<\/strong><br \/>\n    <\/a><br \/>\n    <a href=\"http:\/\/www.cde.ual.es\/en\/media-collection-law\/\"><br \/>\n    <img decoding=\"async\" src=\"http:\/\/www.cde.ual.es\/wp-content\/uploads\/2019\/03\/8-derecho.jpg\" alt=\"\" width=\"297\" height=\"61\" \/><br \/>\n    <strong>Law<\/strong><br \/>\n    <\/a><br \/>\n    <a href=\"http:\/\/www.cde.ual.es\/en\/media-collection-research\/\"><br \/>\n    <img decoding=\"async\" src=\"http:\/\/www.cde.ual.es\/wp-content\/uploads\/2019\/03\/9-investigacion.jpg\" alt=\"\" width=\"297\" height=\"61\" \/><br \/>\n    <strong>Research<\/strong><br \/>\n    <\/a><br \/>\n    <a href=\"http:\/\/www.cde.ual.es\/en\/media-collection-environment\/\"><br \/>\n    <img decoding=\"async\" src=\"http:\/\/www.cde.ual.es\/wp-content\/uploads\/2019\/03\/10-medio-ambiente.jpg\" alt=\"\" width=\"297\" height=\"61\" \/><br \/>\n    <strong>Environment<\/strong><br \/>\n    <\/a>\n","protected":false},"excerpt":{"rendered":"<p>Espacio que recoge informaci\u00f3n perteneciente a Medio Ambiente<\/p>\n","protected":false},"author":1,"featured_media":14230,"parent":0,"menu_order":0,"comment_status":"closed","ping_status":"closed","template":"templates\/page-builder.php","meta":{"_acf_changed":false,"_relevanssi_hide_post":"","_relevanssi_hide_content":"","_relevanssi_pin_for_all":"","_relevanssi_pin_keywords":"","_relevanssi_unpin_keywords":"","_relevanssi_related_keywords":"","_relevanssi_related_include_ids":"","_relevanssi_related_exclude_ids":"","_relevanssi_related_no_append":"","_relevanssi_related_not_related":"","_relevanssi_related_posts":"","_relevanssi_noindex_reason":"","_monsterinsights_skip_tracking":false,"_monsterinsights_sitenote_active":false,"_monsterinsights_sitenote_note":"","_monsterinsights_sitenote_category":0,"_genesis_hide_title":false,"_genesis_hide_breadcrumbs":false,"_genesis_hide_singular_image":false,"_genesis_hide_footer_widgets":false,"_genesis_custom_body_class":"","_genesis_custom_post_class":"","_genesis_layout":"","footnotes":""},"class_list":{"0":"post-14229","1":"page","2":"type-page","3":"status-publish","4":"has-post-thumbnail","6":"entry"},"acf":[],"yoast_head":"<!-- This site is optimized with the Yoast SEO plugin v27.3 - https:\/\/yoast.com\/product\/yoast-seo-wordpress\/ -->\n<title>Environment | CDE Almer\u00eda - Centro de Documentaci\u00f3n Europea - Universidad de Almer\u00eda<\/title>\n<meta name=\"robots\" content=\"index, follow, max-snippet:-1, max-image-preview:large, max-video-preview:-1\" \/>\n<link rel=\"canonical\" href=\"https:\/\/www.cde.ual.es\/en\/media-collection-environment\/\" \/>\n<meta property=\"og:locale\" content=\"en_US\" \/>\n<meta property=\"og:type\" content=\"article\" \/>\n<meta property=\"og:title\" content=\"Environment | CDE Almer\u00eda - Centro de Documentaci\u00f3n Europea - Universidad de Almer\u00eda\" \/>\n<meta property=\"og:description\" content=\"Espacio que recoge informaci\u00f3n perteneciente a Medio Ambiente\" \/>\n<meta property=\"og:url\" content=\"https:\/\/www.cde.ual.es\/en\/media-collection-environment\/\" \/>\n<meta property=\"og:site_name\" content=\"CDE Almer\u00eda - Centro de Documentaci\u00f3n Europea - Universidad de Almer\u00eda\" \/>\n<meta property=\"article:publisher\" content=\"https:\/\/www.facebook.com\/cdeuniversidadalmeria\/\" \/>\n<meta property=\"article:modified_time\" content=\"2019-03-06T09:49:27+00:00\" \/>\n<meta property=\"og:image\" content=\"https:\/\/www.cde.ual.es\/wp-content\/uploads\/2018\/05\/pexels-photo-302804.jpeg\" \/>\n\t<meta property=\"og:image:width\" content=\"640\" \/>\n\t<meta property=\"og:image:height\" content=\"408\" \/>\n\t<meta property=\"og:image:type\" content=\"image\/jpeg\" \/>\n<meta name=\"twitter:card\" content=\"summary_large_image\" \/>\n<meta name=\"twitter:site\" content=\"@cdeualmeria\" \/>\n<script type=\"application\/ld+json\" class=\"yoast-schema-graph\">{\"@context\":\"https:\\\/\\\/schema.org\",\"@graph\":[{\"@type\":\"WebPage\",\"@id\":\"https:\\\/\\\/www.cde.ual.es\\\/en\\\/media-collection-environment\\\/\",\"url\":\"https:\\\/\\\/www.cde.ual.es\\\/en\\\/media-collection-environment\\\/\",\"name\":\"Environment | CDE Almer\u00eda - Centro de Documentaci\u00f3n Europea - Universidad de Almer\u00eda\",\"isPartOf\":{\"@id\":\"https:\\\/\\\/www.cde.ual.es\\\/#website\"},\"primaryImageOfPage\":{\"@id\":\"https:\\\/\\\/www.cde.ual.es\\\/en\\\/media-collection-environment\\\/#primaryimage\"},\"image\":{\"@id\":\"https:\\\/\\\/www.cde.ual.es\\\/en\\\/media-collection-environment\\\/#primaryimage\"},\"thumbnailUrl\":\"https:\\\/\\\/www.cde.ual.es\\\/wp-content\\\/uploads\\\/2018\\\/05\\\/pexels-photo-302804.jpeg\",\"datePublished\":\"2018-05-16T09:41:01+00:00\",\"dateModified\":\"2019-03-06T09:49:27+00:00\",\"breadcrumb\":{\"@id\":\"https:\\\/\\\/www.cde.ual.es\\\/en\\\/media-collection-environment\\\/#breadcrumb\"},\"inLanguage\":\"en-US\",\"potentialAction\":[{\"@type\":\"ReadAction\",\"target\":[\"https:\\\/\\\/www.cde.ual.es\\\/en\\\/media-collection-environment\\\/\"]}]},{\"@type\":\"ImageObject\",\"inLanguage\":\"en-US\",\"@id\":\"https:\\\/\\\/www.cde.ual.es\\\/en\\\/media-collection-environment\\\/#primaryimage\",\"url\":\"https:\\\/\\\/www.cde.ual.es\\\/wp-content\\\/uploads\\\/2018\\\/05\\\/pexels-photo-302804.jpeg\",\"contentUrl\":\"https:\\\/\\\/www.cde.ual.es\\\/wp-content\\\/uploads\\\/2018\\\/05\\\/pexels-photo-302804.jpeg\",\"width\":640,\"height\":408,\"caption\":\"medio ambiente- climaticamente neutro- UE\"},{\"@type\":\"BreadcrumbList\",\"@id\":\"https:\\\/\\\/www.cde.ual.es\\\/en\\\/media-collection-environment\\\/#breadcrumb\",\"itemListElement\":[{\"@type\":\"ListItem\",\"position\":1,\"name\":\"Inicio\",\"item\":\"https:\\\/\\\/www.cde.ual.es\\\/en\\\/\"},{\"@type\":\"ListItem\",\"position\":2,\"name\":\"Environment\"}]},{\"@type\":\"WebSite\",\"@id\":\"https:\\\/\\\/www.cde.ual.es\\\/#website\",\"url\":\"https:\\\/\\\/www.cde.ual.es\\\/\",\"name\":\"CDE Almer\u00eda - Centro de Documentaci\u00f3n Europea - Universidad de Almer\u00eda\",\"description\":\"Centro de Documentaci\u00f3n Europea de la Universidad de Almer\u00eda\",\"publisher\":{\"@id\":\"https:\\\/\\\/www.cde.ual.es\\\/#organization\"},\"alternateName\":\"CDE Almer\u00eda\",\"potentialAction\":[{\"@type\":\"SearchAction\",\"target\":{\"@type\":\"EntryPoint\",\"urlTemplate\":\"https:\\\/\\\/www.cde.ual.es\\\/?s={search_term_string}\"},\"query-input\":{\"@type\":\"PropertyValueSpecification\",\"valueRequired\":true,\"valueName\":\"search_term_string\"}}],\"inLanguage\":\"en-US\"},{\"@type\":\"Organization\",\"@id\":\"https:\\\/\\\/www.cde.ual.es\\\/#organization\",\"name\":\"Centro de Documentaci\u00f3n Europea de Almer\u00eda\",\"url\":\"https:\\\/\\\/www.cde.ual.es\\\/\",\"logo\":{\"@type\":\"ImageObject\",\"inLanguage\":\"en-US\",\"@id\":\"https:\\\/\\\/www.cde.ual.es\\\/#\\\/schema\\\/logo\\\/image\\\/\",\"url\":\"https:\\\/\\\/www.cde.ual.es\\\/wp-content\\\/uploads\\\/2025\\\/07\\\/cde-logo-3.png\",\"contentUrl\":\"https:\\\/\\\/www.cde.ual.es\\\/wp-content\\\/uploads\\\/2025\\\/07\\\/cde-logo-3.png\",\"width\":1400,\"height\":300,\"caption\":\"Centro de Documentaci\u00f3n Europea de Almer\u00eda\"},\"image\":{\"@id\":\"https:\\\/\\\/www.cde.ual.es\\\/#\\\/schema\\\/logo\\\/image\\\/\"},\"sameAs\":[\"https:\\\/\\\/www.facebook.com\\\/cdeuniversidadalmeria\\\/\",\"https:\\\/\\\/x.com\\\/cdeualmeria\",\"https:\\\/\\\/www.tiktok.com\\\/@cdealmeria\",\"https:\\\/\\\/www.instagram.com\\\/cdealmeria\\\/\",\"https:\\\/\\\/www.linkedin.com\\\/in\\\/cde-almera-812b26a9\\\/\"]}]}<\/script>\n<!-- \/ Yoast SEO plugin. -->","yoast_head_json":{"title":"Environment | CDE Almer\u00eda - Centro de Documentaci\u00f3n Europea - Universidad de Almer\u00eda","robots":{"index":"index","follow":"follow","max-snippet":"max-snippet:-1","max-image-preview":"max-image-preview:large","max-video-preview":"max-video-preview:-1"},"canonical":"https:\/\/www.cde.ual.es\/en\/media-collection-environment\/","og_locale":"en_US","og_type":"article","og_title":"Environment | CDE Almer\u00eda - Centro de Documentaci\u00f3n Europea - Universidad de Almer\u00eda","og_description":"Espacio que recoge informaci\u00f3n perteneciente a Medio Ambiente","og_url":"https:\/\/www.cde.ual.es\/en\/media-collection-environment\/","og_site_name":"CDE Almer\u00eda - Centro de Documentaci\u00f3n Europea - Universidad de Almer\u00eda","article_publisher":"https:\/\/www.facebook.com\/cdeuniversidadalmeria\/","article_modified_time":"2019-03-06T09:49:27+00:00","og_image":[{"width":640,"height":408,"url":"https:\/\/www.cde.ual.es\/wp-content\/uploads\/2018\/05\/pexels-photo-302804.jpeg","type":"image\/jpeg"}],"twitter_card":"summary_large_image","twitter_site":"@cdeualmeria","schema":{"@context":"https:\/\/schema.org","@graph":[{"@type":"WebPage","@id":"https:\/\/www.cde.ual.es\/en\/media-collection-environment\/","url":"https:\/\/www.cde.ual.es\/en\/media-collection-environment\/","name":"Environment | CDE Almer\u00eda - Centro de Documentaci\u00f3n Europea - Universidad de Almer\u00eda","isPartOf":{"@id":"https:\/\/www.cde.ual.es\/#website"},"primaryImageOfPage":{"@id":"https:\/\/www.cde.ual.es\/en\/media-collection-environment\/#primaryimage"},"image":{"@id":"https:\/\/www.cde.ual.es\/en\/media-collection-environment\/#primaryimage"},"thumbnailUrl":"https:\/\/www.cde.ual.es\/wp-content\/uploads\/2018\/05\/pexels-photo-302804.jpeg","datePublished":"2018-05-16T09:41:01+00:00","dateModified":"2019-03-06T09:49:27+00:00","breadcrumb":{"@id":"https:\/\/www.cde.ual.es\/en\/media-collection-environment\/#breadcrumb"},"inLanguage":"en-US","potentialAction":[{"@type":"ReadAction","target":["https:\/\/www.cde.ual.es\/en\/media-collection-environment\/"]}]},{"@type":"ImageObject","inLanguage":"en-US","@id":"https:\/\/www.cde.ual.es\/en\/media-collection-environment\/#primaryimage","url":"https:\/\/www.cde.ual.es\/wp-content\/uploads\/2018\/05\/pexels-photo-302804.jpeg","contentUrl":"https:\/\/www.cde.ual.es\/wp-content\/uploads\/2018\/05\/pexels-photo-302804.jpeg","width":640,"height":408,"caption":"medio ambiente- climaticamente neutro- UE"},{"@type":"BreadcrumbList","@id":"https:\/\/www.cde.ual.es\/en\/media-collection-environment\/#breadcrumb","itemListElement":[{"@type":"ListItem","position":1,"name":"Inicio","item":"https:\/\/www.cde.ual.es\/en\/"},{"@type":"ListItem","position":2,"name":"Environment"}]},{"@type":"WebSite","@id":"https:\/\/www.cde.ual.es\/#website","url":"https:\/\/www.cde.ual.es\/","name":"CDE Almer\u00eda - Centro de Documentaci\u00f3n Europea - Universidad de Almer\u00eda","description":"Centro de Documentaci\u00f3n Europea de la Universidad de Almer\u00eda","publisher":{"@id":"https:\/\/www.cde.ual.es\/#organization"},"alternateName":"CDE Almer\u00eda","potentialAction":[{"@type":"SearchAction","target":{"@type":"EntryPoint","urlTemplate":"https:\/\/www.cde.ual.es\/?s={search_term_string}"},"query-input":{"@type":"PropertyValueSpecification","valueRequired":true,"valueName":"search_term_string"}}],"inLanguage":"en-US"},{"@type":"Organization","@id":"https:\/\/www.cde.ual.es\/#organization","name":"Centro de Documentaci\u00f3n Europea de Almer\u00eda","url":"https:\/\/www.cde.ual.es\/","logo":{"@type":"ImageObject","inLanguage":"en-US","@id":"https:\/\/www.cde.ual.es\/#\/schema\/logo\/image\/","url":"https:\/\/www.cde.ual.es\/wp-content\/uploads\/2025\/07\/cde-logo-3.png","contentUrl":"https:\/\/www.cde.ual.es\/wp-content\/uploads\/2025\/07\/cde-logo-3.png","width":1400,"height":300,"caption":"Centro de Documentaci\u00f3n Europea de Almer\u00eda"},"image":{"@id":"https:\/\/www.cde.ual.es\/#\/schema\/logo\/image\/"},"sameAs":["https:\/\/www.facebook.com\/cdeuniversidadalmeria\/","https:\/\/x.com\/cdeualmeria","https:\/\/www.tiktok.com\/@cdealmeria","https:\/\/www.instagram.com\/cdealmeria\/","https:\/\/www.linkedin.com\/in\/cde-almera-812b26a9\/"]}]}},"_links":{"self":[{"href":"https:\/\/www.cde.ual.es\/en\/wp-json\/wp\/v2\/pages\/14229","targetHints":{"allow":["GET"]}}],"collection":[{"href":"https:\/\/www.cde.ual.es\/en\/wp-json\/wp\/v2\/pages"}],"about":[{"href":"https:\/\/www.cde.ual.es\/en\/wp-json\/wp\/v2\/types\/page"}],"author":[{"embeddable":true,"href":"https:\/\/www.cde.ual.es\/en\/wp-json\/wp\/v2\/users\/1"}],"replies":[{"embeddable":true,"href":"https:\/\/www.cde.ual.es\/en\/wp-json\/wp\/v2\/comments?post=14229"}],"version-history":[{"count":0,"href":"https:\/\/www.cde.ual.es\/en\/wp-json\/wp\/v2\/pages\/14229\/revisions"}],"wp:featuredmedia":[{"embeddable":true,"href":"https:\/\/www.cde.ual.es\/en\/wp-json\/wp\/v2\/media\/14230"}],"wp:attachment":[{"href":"https:\/\/www.cde.ual.es\/en\/wp-json\/wp\/v2\/media?parent=14229"}],"curies":[{"name":"wp","href":"https:\/\/api.w.org\/{rel}","templated":true}]}}