{"id":13628,"date":"2018-04-09T20:26:14","date_gmt":"2018-04-09T18:26:14","guid":{"rendered":"http:\/\/www.cde.ual.es\/documentation\/bibliographic-collection\/fondo-digital-centro-documentacion-europea-almeria\/"},"modified":"2022-06-28T13:28:11","modified_gmt":"2022-06-28T11:28:11","slug":"cde-almeria-digital-collection","status":"publish","type":"page","link":"https:\/\/www.cde.ual.es\/en\/documentation\/bibliographic-collection\/cde-almeria-digital-collection\/","title":{"rendered":"Almer\u00eda EDC Digital Collection"},"content":{"rendered":"\n\n\t\r\n\t\t<div class=\"buscador-eureka\">\r\n\t\t\t<div class=\"buscador-eureka-contenido\">\r\n\t\t\t\t<div class=\"buscador-eureka-logotipo\">\r\n\t\t\t\t\t<img decoding=\"async\" src=\"\/wp-content\/themes\/corporate-pro\/assets\/images\/eureka-logo_2x.png\" alt=\"EUreka\">\r\n\t\t\t\t<\/div>\r\n\t\t\t\t<div class=\"buscador-eureka-buscador\">\r\n\t\t\t\t\t<div class=\"buscador-eureka-formularios\">\r\n\t\t\t\t\t\t\t<div id=\"buscador_estratexa-global-fondodigital\"><form data-sf-form-id='111225' data-is-rtl='0' data-maintain-state='' data-results-url='https:\/\/www.cde.ual.es\/en\/eureka-fondodigital\/' data-ajax-url='https:\/\/www.cde.ual.es\/en\/eureka-fondodigital\/?sf_data=all' data-ajax-form-url='https:\/\/www.cde.ual.es\/en\/?sfid=111225&amp;sf_action=get_data&amp;sf_data=form' data-display-result-method='archive' data-use-history-api='1' data-template-loaded='0' data-lang-code='en' data-ajax='1' data-ajax-data-type='html' data-ajax-links-selector='.pagination a' data-ajax-target='#eurekaresultados' data-ajax-pagination-type='normal' data-update-ajax-url='1' data-only-results-ajax='0' data-scroll-to-pos='0' data-init-paged='1' data-auto-update='' data-auto-count='1' data-auto-count-refresh-mode='1' action='https:\/\/www.cde.ual.es\/en\/eureka-fondodigital\/' method='post' class='searchandfilter' id='search-filter-form-111225' autocomplete='off' data-instance-count='1'><ul><li class=\"sf-field-search\" data-sf-field-name=\"search\" data-sf-field-type=\"search\" data-sf-field-input-type=\"\">\t\t<label>\n\t\t\t\t   <input placeholder=\"Buscar en Fondo digital...\" name=\"_sf_search[]\" class=\"sf-input-text\" type=\"text\" value=\"\" title=\"\"><\/label>\t\t<\/li><li class=\"sf-field-submit\" data-sf-field-name=\"submit\" data-sf-field-type=\"submit\" data-sf-field-input-type=\"\"><input type=\"submit\" name=\"_sf_submit\" value=\"Buscar\"><\/li><\/ul><\/form><\/div>\r\n\t\t\t\t\t\t\r\n\t\t\t\t\t<\/div>\r\n\t\t\t\t<\/div>\r\n\t\t\t<\/div><\/div>\n\t<a href=\"http:\/\/www.cde.ual.es\/en\/agriculture\/\"><br \/>\n<img decoding=\"async\" src=\"http:\/\/www.cde.ual.es\/wp-content\/uploads\/2019\/03\/1-agricultura-y-pesca.jpg\" alt=\"\" width=\"297\" height=\"60\" \/><br \/>\n<strong>Agriculture and Fishery<\/strong><br \/>\n<\/a><br \/>\n<a href=\"http:\/\/www.cde.ual.es\/en\/single-market\/\"><br \/>\n<img decoding=\"async\" src=\"http:\/\/www.cde.ual.es\/wp-content\/uploads\/2019\/03\/2-mercado-en-la-union-europea.jpg\" alt=\"\" width=\"297\" height=\"61\" \/><br \/>\n<strong>Single Market<\/strong><br \/>\n<\/a><br \/>\n<a href=\"http:\/\/www.cde.ual.es\/en\/european-union\/\"><br \/>\n<img decoding=\"async\" src=\"http:\/\/www.cde.ual.es\/wp-content\/uploads\/2019\/03\/5-union-europea.jpg\" alt=\"\" width=\"297\" height=\"60\" \/><br \/>\n<strong>European Union<\/strong><br \/>\n<\/a><br \/>\n<a href=\"http:\/\/www.cde.ual.es\/en\/culture-and-education\/\"><br \/>\n<img decoding=\"async\" src=\"http:\/\/www.cde.ual.es\/wp-content\/uploads\/2019\/03\/6-cultura-y-educacion.jpg\" alt=\"\" width=\"297\" height=\"61\" \/><br \/>\n<strong>Culture and Education<\/strong><br \/>\n<\/a><br \/>\n<a href=\"http:\/\/www.cde.ual.es\/en\/defense-and-security\/\"><br \/>\n<img decoding=\"async\" src=\"http:\/\/www.cde.ual.es\/wp-content\/uploads\/2019\/03\/7-defensa-y-seguridad.jpg\" alt=\"\" width=\"297\" height=\"60\" \/><br \/>\n<strong>Defense and Security<\/strong><br \/>\n<\/a><br \/>\n<a href=\"http:\/\/www.cde.ual.es\/en\/law\/\"><br \/>\n<img decoding=\"async\" src=\"http:\/\/www.cde.ual.es\/wp-content\/uploads\/2019\/03\/8-derecho.jpg\" alt=\"\" width=\"297\" height=\"61\" \/><br \/>\n<strong>Law<\/strong><br \/>\n<\/a><br \/>\n<a href=\"http:\/\/www.cde.ual.es\/en\/research\/\"><br \/>\n<img decoding=\"async\" src=\"http:\/\/www.cde.ual.es\/wp-content\/uploads\/2019\/03\/9-investigacion.jpg\" alt=\"\" width=\"297\" height=\"61\" \/><br \/>\n<strong>Research and Innovation<\/strong><br \/>\n<\/a><br \/>\n<a href=\"http:\/\/www.cde.ual.es\/en\/environment\/\"><br \/>\n<img decoding=\"async\" src=\"http:\/\/www.cde.ual.es\/wp-content\/uploads\/2019\/03\/10-medio-ambiente.jpg\" alt=\"\" width=\"297\" height=\"61\" \/><br \/>\n<strong>Environment<\/strong><br \/>\n<\/a>\n\n","protected":false},"excerpt":{"rendered":"<p>Agriculture and Fishery Single Market European Union Culture and Education Defense and Security Law Research and Innovation Environment<\/p>\n","protected":false},"author":1,"featured_media":13630,"parent":13623,"menu_order":0,"comment_status":"closed","ping_status":"closed","template":"","meta":{"_acf_changed":false,"_relevanssi_hide_post":"","_relevanssi_hide_content":"","_relevanssi_pin_for_all":"","_relevanssi_pin_keywords":"","_relevanssi_unpin_keywords":"","_relevanssi_related_keywords":"","_relevanssi_related_include_ids":"","_relevanssi_related_exclude_ids":"","_relevanssi_related_no_append":"","_relevanssi_related_not_related":"","_relevanssi_related_posts":"","_relevanssi_noindex_reason":"","_monsterinsights_skip_tracking":false,"_monsterinsights_sitenote_active":false,"_monsterinsights_sitenote_note":"","_monsterinsights_sitenote_category":0,"_genesis_hide_title":false,"_genesis_hide_breadcrumbs":false,"_genesis_hide_singular_image":false,"_genesis_hide_footer_widgets":false,"_genesis_custom_body_class":"","_genesis_custom_post_class":"","_genesis_layout":"full-width-content","footnotes":""},"class_list":{"0":"post-13628","1":"page","2":"type-page","3":"status-publish","4":"has-post-thumbnail","6":"entry"},"acf":[],"yoast_head":"<!-- This site is optimized with the Yoast SEO plugin v27.4 - https:\/\/yoast.com\/product\/yoast-seo-wordpress\/ -->\n<title>Almer\u00eda EDC Digital Collection | CDE Almer\u00eda - Centro de Documentaci\u00f3n Europea - Universidad de Almer\u00eda<\/title>\n<meta name=\"robots\" content=\"index, follow, max-snippet:-1, max-image-preview:large, max-video-preview:-1\" \/>\n<link rel=\"canonical\" href=\"https:\/\/www.cde.ual.es\/en\/documentation\/bibliographic-collection\/cde-almeria-digital-collection\/\" \/>\n<meta property=\"og:locale\" content=\"en_US\" \/>\n<meta property=\"og:type\" content=\"article\" \/>\n<meta property=\"og:title\" content=\"Almer\u00eda EDC Digital Collection | CDE Almer\u00eda - Centro de Documentaci\u00f3n Europea - Universidad de Almer\u00eda\" \/>\n<meta property=\"og:description\" content=\"Agriculture and Fishery Single Market European Union Culture and Education Defense and Security Law Research and Innovation Environment\" \/>\n<meta property=\"og:url\" content=\"https:\/\/www.cde.ual.es\/en\/documentation\/bibliographic-collection\/cde-almeria-digital-collection\/\" \/>\n<meta property=\"og:site_name\" content=\"CDE Almer\u00eda - Centro de Documentaci\u00f3n Europea - Universidad de Almer\u00eda\" \/>\n<meta property=\"article:publisher\" content=\"https:\/\/www.facebook.com\/cdeuniversidadalmeria\/\" \/>\n<meta property=\"article:modified_time\" content=\"2022-06-28T11:28:11+00:00\" \/>\n<meta property=\"og:image\" content=\"https:\/\/www.cde.ual.es\/wp-content\/uploads\/2018\/03\/laptop.jpg\" \/>\n\t<meta property=\"og:image:width\" content=\"1280\" \/>\n\t<meta property=\"og:image:height\" content=\"480\" \/>\n\t<meta property=\"og:image:type\" content=\"image\/jpeg\" \/>\n<meta name=\"twitter:card\" content=\"summary_large_image\" \/>\n<meta name=\"twitter:site\" content=\"@cdeualmeria\" \/>\n<script type=\"application\/ld+json\" class=\"yoast-schema-graph\">{\"@context\":\"https:\\\/\\\/schema.org\",\"@graph\":[{\"@type\":\"WebPage\",\"@id\":\"https:\\\/\\\/www.cde.ual.es\\\/en\\\/documentation\\\/bibliographic-collection\\\/cde-almeria-digital-collection\\\/\",\"url\":\"https:\\\/\\\/www.cde.ual.es\\\/en\\\/documentation\\\/bibliographic-collection\\\/cde-almeria-digital-collection\\\/\",\"name\":\"Almer\u00eda EDC Digital Collection | CDE Almer\u00eda - Centro de Documentaci\u00f3n Europea - Universidad de Almer\u00eda\",\"isPartOf\":{\"@id\":\"https:\\\/\\\/www.cde.ual.es\\\/#website\"},\"primaryImageOfPage\":{\"@id\":\"https:\\\/\\\/www.cde.ual.es\\\/en\\\/documentation\\\/bibliographic-collection\\\/cde-almeria-digital-collection\\\/#primaryimage\"},\"image\":{\"@id\":\"https:\\\/\\\/www.cde.ual.es\\\/en\\\/documentation\\\/bibliographic-collection\\\/cde-almeria-digital-collection\\\/#primaryimage\"},\"thumbnailUrl\":\"https:\\\/\\\/www.cde.ual.es\\\/wp-content\\\/uploads\\\/2018\\\/03\\\/laptop.jpg\",\"datePublished\":\"2018-04-09T18:26:14+00:00\",\"dateModified\":\"2022-06-28T11:28:11+00:00\",\"breadcrumb\":{\"@id\":\"https:\\\/\\\/www.cde.ual.es\\\/en\\\/documentation\\\/bibliographic-collection\\\/cde-almeria-digital-collection\\\/#breadcrumb\"},\"inLanguage\":\"en-US\",\"potentialAction\":[{\"@type\":\"ReadAction\",\"target\":[\"https:\\\/\\\/www.cde.ual.es\\\/en\\\/documentation\\\/bibliographic-collection\\\/cde-almeria-digital-collection\\\/\"]}]},{\"@type\":\"ImageObject\",\"inLanguage\":\"en-US\",\"@id\":\"https:\\\/\\\/www.cde.ual.es\\\/en\\\/documentation\\\/bibliographic-collection\\\/cde-almeria-digital-collection\\\/#primaryimage\",\"url\":\"https:\\\/\\\/www.cde.ual.es\\\/wp-content\\\/uploads\\\/2018\\\/03\\\/laptop.jpg\",\"contentUrl\":\"https:\\\/\\\/www.cde.ual.es\\\/wp-content\\\/uploads\\\/2018\\\/03\\\/laptop.jpg\",\"width\":1280,\"height\":480},{\"@type\":\"BreadcrumbList\",\"@id\":\"https:\\\/\\\/www.cde.ual.es\\\/en\\\/documentation\\\/bibliographic-collection\\\/cde-almeria-digital-collection\\\/#breadcrumb\",\"itemListElement\":[{\"@type\":\"ListItem\",\"position\":1,\"name\":\"Inicio\",\"item\":\"https:\\\/\\\/www.cde.ual.es\\\/en\\\/\"},{\"@type\":\"ListItem\",\"position\":2,\"name\":\"Documentation\",\"item\":\"https:\\\/\\\/www.cde.ual.es\\\/en\\\/documentation\\\/\"},{\"@type\":\"ListItem\",\"position\":3,\"name\":\"Bibliographic Collection\",\"item\":\"https:\\\/\\\/www.cde.ual.es\\\/en\\\/documentation\\\/bibliographic-collection\\\/\"},{\"@type\":\"ListItem\",\"position\":4,\"name\":\"Almer\u00eda EDC Digital Collection\"}]},{\"@type\":\"WebSite\",\"@id\":\"https:\\\/\\\/www.cde.ual.es\\\/#website\",\"url\":\"https:\\\/\\\/www.cde.ual.es\\\/\",\"name\":\"CDE Almer\u00eda - Centro de Documentaci\u00f3n Europea - Universidad de Almer\u00eda\",\"description\":\"Centro de Documentaci\u00f3n Europea de la Universidad de Almer\u00eda\",\"publisher\":{\"@id\":\"https:\\\/\\\/www.cde.ual.es\\\/#organization\"},\"alternateName\":\"CDE Almer\u00eda\",\"potentialAction\":[{\"@type\":\"SearchAction\",\"target\":{\"@type\":\"EntryPoint\",\"urlTemplate\":\"https:\\\/\\\/www.cde.ual.es\\\/?s={search_term_string}\"},\"query-input\":{\"@type\":\"PropertyValueSpecification\",\"valueRequired\":true,\"valueName\":\"search_term_string\"}}],\"inLanguage\":\"en-US\"},{\"@type\":\"Organization\",\"@id\":\"https:\\\/\\\/www.cde.ual.es\\\/#organization\",\"name\":\"Centro de Documentaci\u00f3n Europea de Almer\u00eda\",\"url\":\"https:\\\/\\\/www.cde.ual.es\\\/\",\"logo\":{\"@type\":\"ImageObject\",\"inLanguage\":\"en-US\",\"@id\":\"https:\\\/\\\/www.cde.ual.es\\\/#\\\/schema\\\/logo\\\/image\\\/\",\"url\":\"https:\\\/\\\/www.cde.ual.es\\\/wp-content\\\/uploads\\\/2025\\\/07\\\/cde-logo-3.png\",\"contentUrl\":\"https:\\\/\\\/www.cde.ual.es\\\/wp-content\\\/uploads\\\/2025\\\/07\\\/cde-logo-3.png\",\"width\":1400,\"height\":300,\"caption\":\"Centro de Documentaci\u00f3n Europea de Almer\u00eda\"},\"image\":{\"@id\":\"https:\\\/\\\/www.cde.ual.es\\\/#\\\/schema\\\/logo\\\/image\\\/\"},\"sameAs\":[\"https:\\\/\\\/www.facebook.com\\\/cdeuniversidadalmeria\\\/\",\"https:\\\/\\\/x.com\\\/cdeualmeria\",\"https:\\\/\\\/www.tiktok.com\\\/@cdealmeria\",\"https:\\\/\\\/www.instagram.com\\\/cdealmeria\\\/\",\"https:\\\/\\\/www.linkedin.com\\\/in\\\/cde-almera-812b26a9\\\/\"]}]}<\/script>\n<!-- \/ Yoast SEO plugin. -->","yoast_head_json":{"title":"Almer\u00eda EDC Digital Collection | CDE Almer\u00eda - Centro de Documentaci\u00f3n Europea - Universidad de Almer\u00eda","robots":{"index":"index","follow":"follow","max-snippet":"max-snippet:-1","max-image-preview":"max-image-preview:large","max-video-preview":"max-video-preview:-1"},"canonical":"https:\/\/www.cde.ual.es\/en\/documentation\/bibliographic-collection\/cde-almeria-digital-collection\/","og_locale":"en_US","og_type":"article","og_title":"Almer\u00eda EDC Digital Collection | CDE Almer\u00eda - Centro de Documentaci\u00f3n Europea - Universidad de Almer\u00eda","og_description":"Agriculture and Fishery Single Market European Union Culture and Education Defense and Security Law Research and Innovation Environment","og_url":"https:\/\/www.cde.ual.es\/en\/documentation\/bibliographic-collection\/cde-almeria-digital-collection\/","og_site_name":"CDE Almer\u00eda - Centro de Documentaci\u00f3n Europea - Universidad de Almer\u00eda","article_publisher":"https:\/\/www.facebook.com\/cdeuniversidadalmeria\/","article_modified_time":"2022-06-28T11:28:11+00:00","og_image":[{"width":1280,"height":480,"url":"https:\/\/www.cde.ual.es\/wp-content\/uploads\/2018\/03\/laptop.jpg","type":"image\/jpeg"}],"twitter_card":"summary_large_image","twitter_site":"@cdeualmeria","schema":{"@context":"https:\/\/schema.org","@graph":[{"@type":"WebPage","@id":"https:\/\/www.cde.ual.es\/en\/documentation\/bibliographic-collection\/cde-almeria-digital-collection\/","url":"https:\/\/www.cde.ual.es\/en\/documentation\/bibliographic-collection\/cde-almeria-digital-collection\/","name":"Almer\u00eda EDC Digital Collection | CDE Almer\u00eda - Centro de Documentaci\u00f3n Europea - Universidad de Almer\u00eda","isPartOf":{"@id":"https:\/\/www.cde.ual.es\/#website"},"primaryImageOfPage":{"@id":"https:\/\/www.cde.ual.es\/en\/documentation\/bibliographic-collection\/cde-almeria-digital-collection\/#primaryimage"},"image":{"@id":"https:\/\/www.cde.ual.es\/en\/documentation\/bibliographic-collection\/cde-almeria-digital-collection\/#primaryimage"},"thumbnailUrl":"https:\/\/www.cde.ual.es\/wp-content\/uploads\/2018\/03\/laptop.jpg","datePublished":"2018-04-09T18:26:14+00:00","dateModified":"2022-06-28T11:28:11+00:00","breadcrumb":{"@id":"https:\/\/www.cde.ual.es\/en\/documentation\/bibliographic-collection\/cde-almeria-digital-collection\/#breadcrumb"},"inLanguage":"en-US","potentialAction":[{"@type":"ReadAction","target":["https:\/\/www.cde.ual.es\/en\/documentation\/bibliographic-collection\/cde-almeria-digital-collection\/"]}]},{"@type":"ImageObject","inLanguage":"en-US","@id":"https:\/\/www.cde.ual.es\/en\/documentation\/bibliographic-collection\/cde-almeria-digital-collection\/#primaryimage","url":"https:\/\/www.cde.ual.es\/wp-content\/uploads\/2018\/03\/laptop.jpg","contentUrl":"https:\/\/www.cde.ual.es\/wp-content\/uploads\/2018\/03\/laptop.jpg","width":1280,"height":480},{"@type":"BreadcrumbList","@id":"https:\/\/www.cde.ual.es\/en\/documentation\/bibliographic-collection\/cde-almeria-digital-collection\/#breadcrumb","itemListElement":[{"@type":"ListItem","position":1,"name":"Inicio","item":"https:\/\/www.cde.ual.es\/en\/"},{"@type":"ListItem","position":2,"name":"Documentation","item":"https:\/\/www.cde.ual.es\/en\/documentation\/"},{"@type":"ListItem","position":3,"name":"Bibliographic Collection","item":"https:\/\/www.cde.ual.es\/en\/documentation\/bibliographic-collection\/"},{"@type":"ListItem","position":4,"name":"Almer\u00eda EDC Digital Collection"}]},{"@type":"WebSite","@id":"https:\/\/www.cde.ual.es\/#website","url":"https:\/\/www.cde.ual.es\/","name":"CDE Almer\u00eda - Centro de Documentaci\u00f3n Europea - Universidad de Almer\u00eda","description":"Centro de Documentaci\u00f3n Europea de la Universidad de Almer\u00eda","publisher":{"@id":"https:\/\/www.cde.ual.es\/#organization"},"alternateName":"CDE Almer\u00eda","potentialAction":[{"@type":"SearchAction","target":{"@type":"EntryPoint","urlTemplate":"https:\/\/www.cde.ual.es\/?s={search_term_string}"},"query-input":{"@type":"PropertyValueSpecification","valueRequired":true,"valueName":"search_term_string"}}],"inLanguage":"en-US"},{"@type":"Organization","@id":"https:\/\/www.cde.ual.es\/#organization","name":"Centro de Documentaci\u00f3n Europea de Almer\u00eda","url":"https:\/\/www.cde.ual.es\/","logo":{"@type":"ImageObject","inLanguage":"en-US","@id":"https:\/\/www.cde.ual.es\/#\/schema\/logo\/image\/","url":"https:\/\/www.cde.ual.es\/wp-content\/uploads\/2025\/07\/cde-logo-3.png","contentUrl":"https:\/\/www.cde.ual.es\/wp-content\/uploads\/2025\/07\/cde-logo-3.png","width":1400,"height":300,"caption":"Centro de Documentaci\u00f3n Europea de Almer\u00eda"},"image":{"@id":"https:\/\/www.cde.ual.es\/#\/schema\/logo\/image\/"},"sameAs":["https:\/\/www.facebook.com\/cdeuniversidadalmeria\/","https:\/\/x.com\/cdeualmeria","https:\/\/www.tiktok.com\/@cdealmeria","https:\/\/www.instagram.com\/cdealmeria\/","https:\/\/www.linkedin.com\/in\/cde-almera-812b26a9\/"]}]}},"_links":{"self":[{"href":"https:\/\/www.cde.ual.es\/en\/wp-json\/wp\/v2\/pages\/13628","targetHints":{"allow":["GET"]}}],"collection":[{"href":"https:\/\/www.cde.ual.es\/en\/wp-json\/wp\/v2\/pages"}],"about":[{"href":"https:\/\/www.cde.ual.es\/en\/wp-json\/wp\/v2\/types\/page"}],"author":[{"embeddable":true,"href":"https:\/\/www.cde.ual.es\/en\/wp-json\/wp\/v2\/users\/1"}],"replies":[{"embeddable":true,"href":"https:\/\/www.cde.ual.es\/en\/wp-json\/wp\/v2\/comments?post=13628"}],"version-history":[{"count":4,"href":"https:\/\/www.cde.ual.es\/en\/wp-json\/wp\/v2\/pages\/13628\/revisions"}],"predecessor-version":[{"id":111629,"href":"https:\/\/www.cde.ual.es\/en\/wp-json\/wp\/v2\/pages\/13628\/revisions\/111629"}],"up":[{"embeddable":true,"href":"https:\/\/www.cde.ual.es\/en\/wp-json\/wp\/v2\/pages\/13623"}],"wp:featuredmedia":[{"embeddable":true,"href":"https:\/\/www.cde.ual.es\/en\/wp-json\/wp\/v2\/media\/13630"}],"wp:attachment":[{"href":"https:\/\/www.cde.ual.es\/en\/wp-json\/wp\/v2\/media?parent=13628"}],"curies":[{"name":"wp","href":"https:\/\/api.w.org\/{rel}","templated":true}]}}