{"id":13623,"date":"2018-03-15T12:31:04","date_gmt":"2018-03-15T11:31:04","guid":{"rendered":"http:\/\/www.cde.ual.es\/documentation\/fondo-bibliografico\/"},"modified":"2019-03-18T09:22:47","modified_gmt":"2019-03-18T08:22:47","slug":"bibliographic-collection","status":"publish","type":"page","link":"https:\/\/www.cde.ual.es\/en\/documentation\/bibliographic-collection\/","title":{"rendered":"Bibliographic Collection"},"content":{"rendered":"\n\t<p><strong> ALMERIA EDC BIBLIOGRAPHIC COLLECTION<\/strong><\/p>\n<p>The bibliographic collection of the Almer\u00eda Documentation Centre is mainly made up of official documentation published by the Publication Office of the European Union.<\/p>\n<a role=\"button\" href=\"http:\/\/www.cde.ual.es\/en\/documentacion\/fondo-bibliografico\/fondo-digital-centro-documentacion-europea-almeria\/\" rel=\"noopener\"><br \/>\n\u00a1Access now!<\/a>\n\t<h3><strong>UNIVERSITY LIBRARY OF ALMERIA<\/strong><\/h3>\n<p>Access to the bibliographic collection &#8220;Nicol\u00e1s Salmer\u00f3n Library&#8221; of the University of Almer\u00eda.<\/p>\n<a role=\"button\" href=\"http:\/\/cms.ual.es\/UAL\/universidad\/serviciosgenerales\/biblioteca\/index.htm\" target=\"_blank\" rel=\"noopener\"><br \/>\n\u00a1Access now!<br \/>\n<\/a>\n\t<h2><img decoding=\"async\" src=\"http:\/\/www.cde.ual.es\/wp-content\/uploads\/2018\/04\/RED-IDEA.png\" alt=\"RED IDEA\" width=\"375\" height=\"85\" \/><strong> RED IDEA<\/strong><\/h2>\n<p>Base de datos com\u00fan que gestiona la automatizaci\u00f3n de los procesos bibliotecarios. Programa de aplicaciones espec\u00edficas para tareas bibliotecarias, denominadas m\u00f3dulos o subsistemas que comparte la misma BD.<\/p>\n<a role=\"button\" href=\"http:\/\/www.europarl.europa.eu\/portal\/es\" target=\"_blank\" rel=\"noopener\"><br \/>\n\u00a1Acceso a la Web!<br \/>\n<\/a>\n","protected":false},"excerpt":{"rendered":"<p>ALMERIA EDC BIBLIOGRAPHIC COLLECTION The bibliographic collection of the Almer\u00eda Documentation Centre is mainly made up of official documentation published by the Publication Office of the European Union. \u00a1Access now! UNIVERSITY LIBRARY OF ALMERIA Access to the bibliographic collection &#8220;Nicol\u00e1s Salmer\u00f3n Library&#8221; of the University of Almer\u00eda. \u00a1Access now! RED IDEA Base de datos com\u00fan [&hellip;]<\/p>\n","protected":false},"author":1,"featured_media":13625,"parent":13619,"menu_order":0,"comment_status":"closed","ping_status":"closed","template":"","meta":{"_acf_changed":false,"_relevanssi_hide_post":"","_relevanssi_hide_content":"","_relevanssi_pin_for_all":"","_relevanssi_pin_keywords":"","_relevanssi_unpin_keywords":"","_relevanssi_related_keywords":"","_relevanssi_related_include_ids":"","_relevanssi_related_exclude_ids":"","_relevanssi_related_no_append":"","_relevanssi_related_not_related":"","_relevanssi_related_posts":"","_relevanssi_noindex_reason":"","_monsterinsights_skip_tracking":false,"_monsterinsights_sitenote_active":false,"_monsterinsights_sitenote_note":"","_monsterinsights_sitenote_category":0,"_genesis_hide_title":false,"_genesis_hide_breadcrumbs":false,"_genesis_hide_singular_image":false,"_genesis_hide_footer_widgets":false,"_genesis_custom_body_class":"","_genesis_custom_post_class":"","_genesis_layout":"full-width-content","footnotes":""},"class_list":{"0":"post-13623","1":"page","2":"type-page","3":"status-publish","4":"has-post-thumbnail","6":"entry"},"acf":[],"yoast_head":"<!-- This site is optimized with the Yoast SEO plugin v27.3 - https:\/\/yoast.com\/product\/yoast-seo-wordpress\/ -->\n<title>Bibliographic Collection | CDE Almer\u00eda - Centro de Documentaci\u00f3n Europea - Universidad de Almer\u00eda<\/title>\n<meta name=\"robots\" content=\"index, follow, max-snippet:-1, max-image-preview:large, max-video-preview:-1\" \/>\n<link rel=\"canonical\" href=\"https:\/\/www.cde.ual.es\/en\/documentation\/bibliographic-collection\/\" \/>\n<meta property=\"og:locale\" content=\"en_US\" \/>\n<meta property=\"og:type\" content=\"article\" \/>\n<meta property=\"og:title\" content=\"Bibliographic Collection | CDE Almer\u00eda - Centro de Documentaci\u00f3n Europea - Universidad de Almer\u00eda\" \/>\n<meta property=\"og:description\" content=\"ALMERIA EDC BIBLIOGRAPHIC COLLECTION The bibliographic collection of the Almer\u00eda Documentation Centre is mainly made up of official documentation published by the Publication Office of the European Union. \u00a1Access now! UNIVERSITY LIBRARY OF ALMERIA Access to the bibliographic collection &#8220;Nicol\u00e1s Salmer\u00f3n Library&#8221; of the University of Almer\u00eda. \u00a1Access now! RED IDEA Base de datos com\u00fan [&hellip;]\" \/>\n<meta property=\"og:url\" content=\"https:\/\/www.cde.ual.es\/en\/documentation\/bibliographic-collection\/\" \/>\n<meta property=\"og:site_name\" content=\"CDE Almer\u00eda - Centro de Documentaci\u00f3n Europea - Universidad de Almer\u00eda\" \/>\n<meta property=\"article:publisher\" content=\"https:\/\/www.facebook.com\/cdeuniversidadalmeria\/\" \/>\n<meta property=\"article:modified_time\" content=\"2019-03-18T08:22:47+00:00\" \/>\n<meta property=\"og:image\" content=\"https:\/\/www.cde.ual.es\/wp-content\/uploads\/2018\/06\/Centro-de-Documentacio\u0301n-Europea-UAL-Almeri\u0301a.jpg\" \/>\n\t<meta property=\"og:image:width\" content=\"1280\" \/>\n\t<meta property=\"og:image:height\" content=\"481\" \/>\n\t<meta property=\"og:image:type\" content=\"image\/jpeg\" \/>\n<meta name=\"twitter:card\" content=\"summary_large_image\" \/>\n<meta name=\"twitter:site\" content=\"@cdeualmeria\" \/>\n<script type=\"application\/ld+json\" class=\"yoast-schema-graph\">{\"@context\":\"https:\\\/\\\/schema.org\",\"@graph\":[{\"@type\":\"WebPage\",\"@id\":\"https:\\\/\\\/www.cde.ual.es\\\/en\\\/documentation\\\/bibliographic-collection\\\/\",\"url\":\"https:\\\/\\\/www.cde.ual.es\\\/en\\\/documentation\\\/bibliographic-collection\\\/\",\"name\":\"Bibliographic Collection | CDE Almer\u00eda - Centro de Documentaci\u00f3n Europea - Universidad de Almer\u00eda\",\"isPartOf\":{\"@id\":\"https:\\\/\\\/www.cde.ual.es\\\/#website\"},\"primaryImageOfPage\":{\"@id\":\"https:\\\/\\\/www.cde.ual.es\\\/en\\\/documentation\\\/bibliographic-collection\\\/#primaryimage\"},\"image\":{\"@id\":\"https:\\\/\\\/www.cde.ual.es\\\/en\\\/documentation\\\/bibliographic-collection\\\/#primaryimage\"},\"thumbnailUrl\":\"https:\\\/\\\/www.cde.ual.es\\\/wp-content\\\/uploads\\\/2018\\\/06\\\/Centro-de-Documentacio\u0301n-Europea-UAL-Almeri\u0301a.jpg\",\"datePublished\":\"2018-03-15T11:31:04+00:00\",\"dateModified\":\"2019-03-18T08:22:47+00:00\",\"breadcrumb\":{\"@id\":\"https:\\\/\\\/www.cde.ual.es\\\/en\\\/documentation\\\/bibliographic-collection\\\/#breadcrumb\"},\"inLanguage\":\"en-US\",\"potentialAction\":[{\"@type\":\"ReadAction\",\"target\":[\"https:\\\/\\\/www.cde.ual.es\\\/en\\\/documentation\\\/bibliographic-collection\\\/\"]}]},{\"@type\":\"ImageObject\",\"inLanguage\":\"en-US\",\"@id\":\"https:\\\/\\\/www.cde.ual.es\\\/en\\\/documentation\\\/bibliographic-collection\\\/#primaryimage\",\"url\":\"https:\\\/\\\/www.cde.ual.es\\\/wp-content\\\/uploads\\\/2018\\\/06\\\/Centro-de-Documentacio\u0301n-Europea-UAL-Almeri\u0301a.jpg\",\"contentUrl\":\"https:\\\/\\\/www.cde.ual.es\\\/wp-content\\\/uploads\\\/2018\\\/06\\\/Centro-de-Documentacio\u0301n-Europea-UAL-Almeri\u0301a.jpg\",\"width\":1280,\"height\":481,\"caption\":\"Centro de Documentaci\u00f3n Europea de Almer\u00eda\"},{\"@type\":\"BreadcrumbList\",\"@id\":\"https:\\\/\\\/www.cde.ual.es\\\/en\\\/documentation\\\/bibliographic-collection\\\/#breadcrumb\",\"itemListElement\":[{\"@type\":\"ListItem\",\"position\":1,\"name\":\"Inicio\",\"item\":\"https:\\\/\\\/www.cde.ual.es\\\/en\\\/\"},{\"@type\":\"ListItem\",\"position\":2,\"name\":\"Documentation\",\"item\":\"https:\\\/\\\/www.cde.ual.es\\\/en\\\/documentation\\\/\"},{\"@type\":\"ListItem\",\"position\":3,\"name\":\"Bibliographic Collection\"}]},{\"@type\":\"WebSite\",\"@id\":\"https:\\\/\\\/www.cde.ual.es\\\/#website\",\"url\":\"https:\\\/\\\/www.cde.ual.es\\\/\",\"name\":\"CDE Almer\u00eda - Centro de Documentaci\u00f3n Europea - Universidad de Almer\u00eda\",\"description\":\"Centro de Documentaci\u00f3n Europea de la Universidad de Almer\u00eda\",\"publisher\":{\"@id\":\"https:\\\/\\\/www.cde.ual.es\\\/#organization\"},\"alternateName\":\"CDE Almer\u00eda\",\"potentialAction\":[{\"@type\":\"SearchAction\",\"target\":{\"@type\":\"EntryPoint\",\"urlTemplate\":\"https:\\\/\\\/www.cde.ual.es\\\/?s={search_term_string}\"},\"query-input\":{\"@type\":\"PropertyValueSpecification\",\"valueRequired\":true,\"valueName\":\"search_term_string\"}}],\"inLanguage\":\"en-US\"},{\"@type\":\"Organization\",\"@id\":\"https:\\\/\\\/www.cde.ual.es\\\/#organization\",\"name\":\"Centro de Documentaci\u00f3n Europea de Almer\u00eda\",\"url\":\"https:\\\/\\\/www.cde.ual.es\\\/\",\"logo\":{\"@type\":\"ImageObject\",\"inLanguage\":\"en-US\",\"@id\":\"https:\\\/\\\/www.cde.ual.es\\\/#\\\/schema\\\/logo\\\/image\\\/\",\"url\":\"https:\\\/\\\/www.cde.ual.es\\\/wp-content\\\/uploads\\\/2025\\\/07\\\/cde-logo-3.png\",\"contentUrl\":\"https:\\\/\\\/www.cde.ual.es\\\/wp-content\\\/uploads\\\/2025\\\/07\\\/cde-logo-3.png\",\"width\":1400,\"height\":300,\"caption\":\"Centro de Documentaci\u00f3n Europea de Almer\u00eda\"},\"image\":{\"@id\":\"https:\\\/\\\/www.cde.ual.es\\\/#\\\/schema\\\/logo\\\/image\\\/\"},\"sameAs\":[\"https:\\\/\\\/www.facebook.com\\\/cdeuniversidadalmeria\\\/\",\"https:\\\/\\\/x.com\\\/cdeualmeria\",\"https:\\\/\\\/www.tiktok.com\\\/@cdealmeria\",\"https:\\\/\\\/www.instagram.com\\\/cdealmeria\\\/\",\"https:\\\/\\\/www.linkedin.com\\\/in\\\/cde-almera-812b26a9\\\/\"]}]}<\/script>\n<!-- \/ Yoast SEO plugin. -->","yoast_head_json":{"title":"Bibliographic Collection | CDE Almer\u00eda - Centro de Documentaci\u00f3n Europea - Universidad de Almer\u00eda","robots":{"index":"index","follow":"follow","max-snippet":"max-snippet:-1","max-image-preview":"max-image-preview:large","max-video-preview":"max-video-preview:-1"},"canonical":"https:\/\/www.cde.ual.es\/en\/documentation\/bibliographic-collection\/","og_locale":"en_US","og_type":"article","og_title":"Bibliographic Collection | CDE Almer\u00eda - Centro de Documentaci\u00f3n Europea - Universidad de Almer\u00eda","og_description":"ALMERIA EDC BIBLIOGRAPHIC COLLECTION The bibliographic collection of the Almer\u00eda Documentation Centre is mainly made up of official documentation published by the Publication Office of the European Union. \u00a1Access now! UNIVERSITY LIBRARY OF ALMERIA Access to the bibliographic collection &#8220;Nicol\u00e1s Salmer\u00f3n Library&#8221; of the University of Almer\u00eda. \u00a1Access now! RED IDEA Base de datos com\u00fan [&hellip;]","og_url":"https:\/\/www.cde.ual.es\/en\/documentation\/bibliographic-collection\/","og_site_name":"CDE Almer\u00eda - Centro de Documentaci\u00f3n Europea - Universidad de Almer\u00eda","article_publisher":"https:\/\/www.facebook.com\/cdeuniversidadalmeria\/","article_modified_time":"2019-03-18T08:22:47+00:00","og_image":[{"width":1280,"height":481,"url":"https:\/\/www.cde.ual.es\/wp-content\/uploads\/2018\/06\/Centro-de-Documentacio\u0301n-Europea-UAL-Almeri\u0301a.jpg","type":"image\/jpeg"}],"twitter_card":"summary_large_image","twitter_site":"@cdeualmeria","schema":{"@context":"https:\/\/schema.org","@graph":[{"@type":"WebPage","@id":"https:\/\/www.cde.ual.es\/en\/documentation\/bibliographic-collection\/","url":"https:\/\/www.cde.ual.es\/en\/documentation\/bibliographic-collection\/","name":"Bibliographic Collection | CDE Almer\u00eda - Centro de Documentaci\u00f3n Europea - Universidad de Almer\u00eda","isPartOf":{"@id":"https:\/\/www.cde.ual.es\/#website"},"primaryImageOfPage":{"@id":"https:\/\/www.cde.ual.es\/en\/documentation\/bibliographic-collection\/#primaryimage"},"image":{"@id":"https:\/\/www.cde.ual.es\/en\/documentation\/bibliographic-collection\/#primaryimage"},"thumbnailUrl":"https:\/\/www.cde.ual.es\/wp-content\/uploads\/2018\/06\/Centro-de-Documentacio\u0301n-Europea-UAL-Almeri\u0301a.jpg","datePublished":"2018-03-15T11:31:04+00:00","dateModified":"2019-03-18T08:22:47+00:00","breadcrumb":{"@id":"https:\/\/www.cde.ual.es\/en\/documentation\/bibliographic-collection\/#breadcrumb"},"inLanguage":"en-US","potentialAction":[{"@type":"ReadAction","target":["https:\/\/www.cde.ual.es\/en\/documentation\/bibliographic-collection\/"]}]},{"@type":"ImageObject","inLanguage":"en-US","@id":"https:\/\/www.cde.ual.es\/en\/documentation\/bibliographic-collection\/#primaryimage","url":"https:\/\/www.cde.ual.es\/wp-content\/uploads\/2018\/06\/Centro-de-Documentacio\u0301n-Europea-UAL-Almeri\u0301a.jpg","contentUrl":"https:\/\/www.cde.ual.es\/wp-content\/uploads\/2018\/06\/Centro-de-Documentacio\u0301n-Europea-UAL-Almeri\u0301a.jpg","width":1280,"height":481,"caption":"Centro de Documentaci\u00f3n Europea de Almer\u00eda"},{"@type":"BreadcrumbList","@id":"https:\/\/www.cde.ual.es\/en\/documentation\/bibliographic-collection\/#breadcrumb","itemListElement":[{"@type":"ListItem","position":1,"name":"Inicio","item":"https:\/\/www.cde.ual.es\/en\/"},{"@type":"ListItem","position":2,"name":"Documentation","item":"https:\/\/www.cde.ual.es\/en\/documentation\/"},{"@type":"ListItem","position":3,"name":"Bibliographic Collection"}]},{"@type":"WebSite","@id":"https:\/\/www.cde.ual.es\/#website","url":"https:\/\/www.cde.ual.es\/","name":"CDE Almer\u00eda - Centro de Documentaci\u00f3n Europea - Universidad de Almer\u00eda","description":"Centro de Documentaci\u00f3n Europea de la Universidad de Almer\u00eda","publisher":{"@id":"https:\/\/www.cde.ual.es\/#organization"},"alternateName":"CDE Almer\u00eda","potentialAction":[{"@type":"SearchAction","target":{"@type":"EntryPoint","urlTemplate":"https:\/\/www.cde.ual.es\/?s={search_term_string}"},"query-input":{"@type":"PropertyValueSpecification","valueRequired":true,"valueName":"search_term_string"}}],"inLanguage":"en-US"},{"@type":"Organization","@id":"https:\/\/www.cde.ual.es\/#organization","name":"Centro de Documentaci\u00f3n Europea de Almer\u00eda","url":"https:\/\/www.cde.ual.es\/","logo":{"@type":"ImageObject","inLanguage":"en-US","@id":"https:\/\/www.cde.ual.es\/#\/schema\/logo\/image\/","url":"https:\/\/www.cde.ual.es\/wp-content\/uploads\/2025\/07\/cde-logo-3.png","contentUrl":"https:\/\/www.cde.ual.es\/wp-content\/uploads\/2025\/07\/cde-logo-3.png","width":1400,"height":300,"caption":"Centro de Documentaci\u00f3n Europea de Almer\u00eda"},"image":{"@id":"https:\/\/www.cde.ual.es\/#\/schema\/logo\/image\/"},"sameAs":["https:\/\/www.facebook.com\/cdeuniversidadalmeria\/","https:\/\/x.com\/cdeualmeria","https:\/\/www.tiktok.com\/@cdealmeria","https:\/\/www.instagram.com\/cdealmeria\/","https:\/\/www.linkedin.com\/in\/cde-almera-812b26a9\/"]}]}},"_links":{"self":[{"href":"https:\/\/www.cde.ual.es\/en\/wp-json\/wp\/v2\/pages\/13623","targetHints":{"allow":["GET"]}}],"collection":[{"href":"https:\/\/www.cde.ual.es\/en\/wp-json\/wp\/v2\/pages"}],"about":[{"href":"https:\/\/www.cde.ual.es\/en\/wp-json\/wp\/v2\/types\/page"}],"author":[{"embeddable":true,"href":"https:\/\/www.cde.ual.es\/en\/wp-json\/wp\/v2\/users\/1"}],"replies":[{"embeddable":true,"href":"https:\/\/www.cde.ual.es\/en\/wp-json\/wp\/v2\/comments?post=13623"}],"version-history":[{"count":0,"href":"https:\/\/www.cde.ual.es\/en\/wp-json\/wp\/v2\/pages\/13623\/revisions"}],"up":[{"embeddable":true,"href":"https:\/\/www.cde.ual.es\/en\/wp-json\/wp\/v2\/pages\/13619"}],"wp:featuredmedia":[{"embeddable":true,"href":"https:\/\/www.cde.ual.es\/en\/wp-json\/wp\/v2\/media\/13625"}],"wp:attachment":[{"href":"https:\/\/www.cde.ual.es\/en\/wp-json\/wp\/v2\/media?parent=13623"}],"curies":[{"name":"wp","href":"https:\/\/api.w.org\/{rel}","templated":true}]}}