{"id":13617,"date":"2018-06-12T14:41:32","date_gmt":"2018-06-12T12:41:32","guid":{"rendered":"http:\/\/www.cde.ual.es\/europe-on-the-net\/diario-oficial-de-la-ue\/"},"modified":"2019-07-22T17:05:15","modified_gmt":"2019-07-22T15:05:15","slug":"eu-oficial-journal","status":"publish","type":"page","link":"https:\/\/www.cde.ual.es\/en\/europe-on-the-net\/eu-oficial-journal\/","title":{"rendered":"EU official journal"},"content":{"rendered":"\r\n<h2><strong>EU OFFICIAL JOURNAL<\/strong><\/h2>\r\n<p>The Official Journal of the European Union (OJ) is the main source of EUR-Lex content. It is published daily (from Monday to Friday regularly, on Saturdays, Sundays and public holidays only in urgent cases) in the\u00a0<a href=\"https:\/\/europa.eu\/european-union\/topics\/multilingualism_en\">official EU languages<\/a>\u00a0.<\/p>\r\n<p>&nbsp;<\/p>\r\n<p>There are 2 series:<\/p>\r\n<ul>\r\n<li>L (legislation)<\/li>\r\n<li>C (information and notices)\u00a0.<\/li>\r\n<\/ul>\r\n<p>Subseries CA\u00a0(e.g. C019A), with the same number as the C series published on the same day, contains calls for expressions of interest, vacancy notices, etc. CA editions may appear in one, several or all official languages.<\/p>\r\n<p>A\u00a0new subseries, LI and CI\u00a0, was introduced on 1 January 2016. This allows for greater flexibility in the event of a change in the planned content of the Official Journal. It was used for the first time on 16 January 2016 (L011I, C015I).<\/p>\r\n<p>Since 1 January 2015, the numbering of EU legal acts has changed. Find out more about the\u00a0<a href=\"https:\/\/eur-lex.europa.eu\/content\/tools\/elaw\/OA0614022END.pdf\" target=\"_blank\" rel=\"noopener\">new method of numbering<\/a>\u00a0.<\/p>\r\n<h2><b>Formats<\/b><\/h2>\r\n<p>This site contains\u00a0electronic\u00a0copies of all Official Journals since the first edition.<\/p>\r\n<p>Effective 1 July 2013, the electronic edition of the OJ (e-OJ) is authentic and produces legal effects. Find out more about the\u00a0<a href=\"https:\/\/eur-lex.europa.eu\/content\/oj\/e-oj.html\">e-OJ<\/a>\u00a0.<\/p>\r\n<p>&nbsp;<\/p>\r\n<ul>\r\n<li><a href=\"https:\/\/eur-lex.europa.eu\/oj\/direct-access.html\">Direct Access<\/a><\/li>\r\n<li><a href=\"https:\/\/eur-lex.europa.eu\/oj\/all\/auth-direct-access.html\">Direct access to printed version with legal effect<\/a><\/li>\r\n<li><a href=\"https:\/\/eur-lex.europa.eu\/eu-enlargement\/special.html\" target=\"_blank\" rel=\"noopener\">Special Edition<\/a><\/li>\r\n<\/ul>\r\n","protected":false},"excerpt":{"rendered":"<p>EU OFFICIAL JOURNAL The Official Journal of the European Union (OJ) is the main source of EUR-Lex content. It is published daily (from Monday to Friday regularly, on Saturdays, Sundays and public holidays only in urgent cases) in the\u00a0official EU languages\u00a0. &nbsp; There are 2 series: L (legislation) C (information and notices)\u00a0. Subseries CA\u00a0(e.g. C019A), [&hellip;]<\/p>\n","protected":false},"author":1,"featured_media":13552,"parent":13546,"menu_order":0,"comment_status":"closed","ping_status":"closed","template":"","meta":{"_acf_changed":false,"_relevanssi_hide_post":"","_relevanssi_hide_content":"","_relevanssi_pin_for_all":"","_relevanssi_pin_keywords":"","_relevanssi_unpin_keywords":"","_relevanssi_related_keywords":"","_relevanssi_related_include_ids":"","_relevanssi_related_exclude_ids":"","_relevanssi_related_no_append":"","_relevanssi_related_not_related":"","_relevanssi_related_posts":"","_relevanssi_noindex_reason":"","_monsterinsights_skip_tracking":false,"_monsterinsights_sitenote_active":false,"_monsterinsights_sitenote_note":"","_monsterinsights_sitenote_category":0,"_genesis_hide_title":false,"_genesis_hide_breadcrumbs":false,"_genesis_hide_singular_image":false,"_genesis_hide_footer_widgets":false,"_genesis_custom_body_class":"","_genesis_custom_post_class":"","_genesis_layout":"full-width-content","footnotes":""},"class_list":{"0":"post-13617","1":"page","2":"type-page","3":"status-publish","4":"has-post-thumbnail","6":"entry"},"acf":[],"yoast_head":"<!-- This site is optimized with the Yoast SEO plugin v27.4 - https:\/\/yoast.com\/product\/yoast-seo-wordpress\/ -->\n<title>EU official journal | CDE Almer\u00eda - Centro de Documentaci\u00f3n Europea - Universidad de Almer\u00eda<\/title>\n<meta name=\"robots\" content=\"index, follow, max-snippet:-1, max-image-preview:large, max-video-preview:-1\" \/>\n<link rel=\"canonical\" href=\"https:\/\/www.cde.ual.es\/en\/europe-on-the-net\/eu-oficial-journal\/\" \/>\n<meta property=\"og:locale\" content=\"en_US\" \/>\n<meta property=\"og:type\" content=\"article\" \/>\n<meta property=\"og:title\" content=\"EU official journal | CDE Almer\u00eda - Centro de Documentaci\u00f3n Europea - Universidad de Almer\u00eda\" \/>\n<meta property=\"og:description\" content=\"EU OFFICIAL JOURNAL The Official Journal of the European Union (OJ) is the main source of EUR-Lex content. It is published daily (from Monday to Friday regularly, on Saturdays, Sundays and public holidays only in urgent cases) in the\u00a0official EU languages\u00a0. &nbsp; There are 2 series: L (legislation) C (information and notices)\u00a0. Subseries CA\u00a0(e.g. C019A), [&hellip;]\" \/>\n<meta property=\"og:url\" content=\"https:\/\/www.cde.ual.es\/en\/europe-on-the-net\/eu-oficial-journal\/\" \/>\n<meta property=\"og:site_name\" content=\"CDE Almer\u00eda - Centro de Documentaci\u00f3n Europea - Universidad de Almer\u00eda\" \/>\n<meta property=\"article:publisher\" content=\"https:\/\/www.facebook.com\/cdeuniversidadalmeria\/\" \/>\n<meta property=\"article:modified_time\" content=\"2019-07-22T15:05:15+00:00\" \/>\n<meta property=\"og:image\" content=\"https:\/\/www.cde.ual.es\/wp-content\/uploads\/2018\/03\/euroexperts.jpg\" \/>\n\t<meta property=\"og:image:width\" content=\"1280\" \/>\n\t<meta property=\"og:image:height\" content=\"481\" \/>\n\t<meta property=\"og:image:type\" content=\"image\/jpeg\" \/>\n<meta name=\"twitter:card\" content=\"summary_large_image\" \/>\n<meta name=\"twitter:site\" content=\"@cdeualmeria\" \/>\n<meta name=\"twitter:label1\" content=\"Est. reading time\" \/>\n\t<meta name=\"twitter:data1\" content=\"1 minute\" \/>\n<script type=\"application\/ld+json\" class=\"yoast-schema-graph\">{\"@context\":\"https:\\\/\\\/schema.org\",\"@graph\":[{\"@type\":\"WebPage\",\"@id\":\"https:\\\/\\\/www.cde.ual.es\\\/en\\\/europe-on-the-net\\\/eu-oficial-journal\\\/\",\"url\":\"https:\\\/\\\/www.cde.ual.es\\\/en\\\/europe-on-the-net\\\/eu-oficial-journal\\\/\",\"name\":\"EU official journal | CDE Almer\u00eda - Centro de Documentaci\u00f3n Europea - Universidad de Almer\u00eda\",\"isPartOf\":{\"@id\":\"https:\\\/\\\/www.cde.ual.es\\\/#website\"},\"primaryImageOfPage\":{\"@id\":\"https:\\\/\\\/www.cde.ual.es\\\/en\\\/europe-on-the-net\\\/eu-oficial-journal\\\/#primaryimage\"},\"image\":{\"@id\":\"https:\\\/\\\/www.cde.ual.es\\\/en\\\/europe-on-the-net\\\/eu-oficial-journal\\\/#primaryimage\"},\"thumbnailUrl\":\"https:\\\/\\\/www.cde.ual.es\\\/wp-content\\\/uploads\\\/2018\\\/03\\\/euroexperts.jpg\",\"datePublished\":\"2018-06-12T12:41:32+00:00\",\"dateModified\":\"2019-07-22T15:05:15+00:00\",\"breadcrumb\":{\"@id\":\"https:\\\/\\\/www.cde.ual.es\\\/en\\\/europe-on-the-net\\\/eu-oficial-journal\\\/#breadcrumb\"},\"inLanguage\":\"en-US\",\"potentialAction\":[{\"@type\":\"ReadAction\",\"target\":[\"https:\\\/\\\/www.cde.ual.es\\\/en\\\/europe-on-the-net\\\/eu-oficial-journal\\\/\"]}]},{\"@type\":\"ImageObject\",\"inLanguage\":\"en-US\",\"@id\":\"https:\\\/\\\/www.cde.ual.es\\\/en\\\/europe-on-the-net\\\/eu-oficial-journal\\\/#primaryimage\",\"url\":\"https:\\\/\\\/www.cde.ual.es\\\/wp-content\\\/uploads\\\/2018\\\/03\\\/euroexperts.jpg\",\"contentUrl\":\"https:\\\/\\\/www.cde.ual.es\\\/wp-content\\\/uploads\\\/2018\\\/03\\\/euroexperts.jpg\",\"width\":1280,\"height\":481},{\"@type\":\"BreadcrumbList\",\"@id\":\"https:\\\/\\\/www.cde.ual.es\\\/en\\\/europe-on-the-net\\\/eu-oficial-journal\\\/#breadcrumb\",\"itemListElement\":[{\"@type\":\"ListItem\",\"position\":1,\"name\":\"Inicio\",\"item\":\"https:\\\/\\\/www.cde.ual.es\\\/en\\\/\"},{\"@type\":\"ListItem\",\"position\":2,\"name\":\"Europe on the net\",\"item\":\"https:\\\/\\\/www.cde.ual.es\\\/en\\\/europe-on-the-net\\\/\"},{\"@type\":\"ListItem\",\"position\":3,\"name\":\"EU official journal\"}]},{\"@type\":\"WebSite\",\"@id\":\"https:\\\/\\\/www.cde.ual.es\\\/#website\",\"url\":\"https:\\\/\\\/www.cde.ual.es\\\/\",\"name\":\"CDE Almer\u00eda - Centro de Documentaci\u00f3n Europea - Universidad de Almer\u00eda\",\"description\":\"Centro de Documentaci\u00f3n Europea de la Universidad de Almer\u00eda\",\"publisher\":{\"@id\":\"https:\\\/\\\/www.cde.ual.es\\\/#organization\"},\"alternateName\":\"CDE Almer\u00eda\",\"potentialAction\":[{\"@type\":\"SearchAction\",\"target\":{\"@type\":\"EntryPoint\",\"urlTemplate\":\"https:\\\/\\\/www.cde.ual.es\\\/?s={search_term_string}\"},\"query-input\":{\"@type\":\"PropertyValueSpecification\",\"valueRequired\":true,\"valueName\":\"search_term_string\"}}],\"inLanguage\":\"en-US\"},{\"@type\":\"Organization\",\"@id\":\"https:\\\/\\\/www.cde.ual.es\\\/#organization\",\"name\":\"Centro de Documentaci\u00f3n Europea de Almer\u00eda\",\"url\":\"https:\\\/\\\/www.cde.ual.es\\\/\",\"logo\":{\"@type\":\"ImageObject\",\"inLanguage\":\"en-US\",\"@id\":\"https:\\\/\\\/www.cde.ual.es\\\/#\\\/schema\\\/logo\\\/image\\\/\",\"url\":\"https:\\\/\\\/www.cde.ual.es\\\/wp-content\\\/uploads\\\/2025\\\/07\\\/cde-logo-3.png\",\"contentUrl\":\"https:\\\/\\\/www.cde.ual.es\\\/wp-content\\\/uploads\\\/2025\\\/07\\\/cde-logo-3.png\",\"width\":1400,\"height\":300,\"caption\":\"Centro de Documentaci\u00f3n Europea de Almer\u00eda\"},\"image\":{\"@id\":\"https:\\\/\\\/www.cde.ual.es\\\/#\\\/schema\\\/logo\\\/image\\\/\"},\"sameAs\":[\"https:\\\/\\\/www.facebook.com\\\/cdeuniversidadalmeria\\\/\",\"https:\\\/\\\/x.com\\\/cdeualmeria\",\"https:\\\/\\\/www.tiktok.com\\\/@cdealmeria\",\"https:\\\/\\\/www.instagram.com\\\/cdealmeria\\\/\",\"https:\\\/\\\/www.linkedin.com\\\/in\\\/cde-almera-812b26a9\\\/\"]}]}<\/script>\n<!-- \/ Yoast SEO plugin. -->","yoast_head_json":{"title":"EU official journal | CDE Almer\u00eda - Centro de Documentaci\u00f3n Europea - Universidad de Almer\u00eda","robots":{"index":"index","follow":"follow","max-snippet":"max-snippet:-1","max-image-preview":"max-image-preview:large","max-video-preview":"max-video-preview:-1"},"canonical":"https:\/\/www.cde.ual.es\/en\/europe-on-the-net\/eu-oficial-journal\/","og_locale":"en_US","og_type":"article","og_title":"EU official journal | CDE Almer\u00eda - Centro de Documentaci\u00f3n Europea - Universidad de Almer\u00eda","og_description":"EU OFFICIAL JOURNAL The Official Journal of the European Union (OJ) is the main source of EUR-Lex content. It is published daily (from Monday to Friday regularly, on Saturdays, Sundays and public holidays only in urgent cases) in the\u00a0official EU languages\u00a0. &nbsp; There are 2 series: L (legislation) C (information and notices)\u00a0. Subseries CA\u00a0(e.g. C019A), [&hellip;]","og_url":"https:\/\/www.cde.ual.es\/en\/europe-on-the-net\/eu-oficial-journal\/","og_site_name":"CDE Almer\u00eda - Centro de Documentaci\u00f3n Europea - Universidad de Almer\u00eda","article_publisher":"https:\/\/www.facebook.com\/cdeuniversidadalmeria\/","article_modified_time":"2019-07-22T15:05:15+00:00","og_image":[{"width":1280,"height":481,"url":"https:\/\/www.cde.ual.es\/wp-content\/uploads\/2018\/03\/euroexperts.jpg","type":"image\/jpeg"}],"twitter_card":"summary_large_image","twitter_site":"@cdeualmeria","twitter_misc":{"Est. reading time":"1 minute"},"schema":{"@context":"https:\/\/schema.org","@graph":[{"@type":"WebPage","@id":"https:\/\/www.cde.ual.es\/en\/europe-on-the-net\/eu-oficial-journal\/","url":"https:\/\/www.cde.ual.es\/en\/europe-on-the-net\/eu-oficial-journal\/","name":"EU official journal | CDE Almer\u00eda - Centro de Documentaci\u00f3n Europea - Universidad de Almer\u00eda","isPartOf":{"@id":"https:\/\/www.cde.ual.es\/#website"},"primaryImageOfPage":{"@id":"https:\/\/www.cde.ual.es\/en\/europe-on-the-net\/eu-oficial-journal\/#primaryimage"},"image":{"@id":"https:\/\/www.cde.ual.es\/en\/europe-on-the-net\/eu-oficial-journal\/#primaryimage"},"thumbnailUrl":"https:\/\/www.cde.ual.es\/wp-content\/uploads\/2018\/03\/euroexperts.jpg","datePublished":"2018-06-12T12:41:32+00:00","dateModified":"2019-07-22T15:05:15+00:00","breadcrumb":{"@id":"https:\/\/www.cde.ual.es\/en\/europe-on-the-net\/eu-oficial-journal\/#breadcrumb"},"inLanguage":"en-US","potentialAction":[{"@type":"ReadAction","target":["https:\/\/www.cde.ual.es\/en\/europe-on-the-net\/eu-oficial-journal\/"]}]},{"@type":"ImageObject","inLanguage":"en-US","@id":"https:\/\/www.cde.ual.es\/en\/europe-on-the-net\/eu-oficial-journal\/#primaryimage","url":"https:\/\/www.cde.ual.es\/wp-content\/uploads\/2018\/03\/euroexperts.jpg","contentUrl":"https:\/\/www.cde.ual.es\/wp-content\/uploads\/2018\/03\/euroexperts.jpg","width":1280,"height":481},{"@type":"BreadcrumbList","@id":"https:\/\/www.cde.ual.es\/en\/europe-on-the-net\/eu-oficial-journal\/#breadcrumb","itemListElement":[{"@type":"ListItem","position":1,"name":"Inicio","item":"https:\/\/www.cde.ual.es\/en\/"},{"@type":"ListItem","position":2,"name":"Europe on the net","item":"https:\/\/www.cde.ual.es\/en\/europe-on-the-net\/"},{"@type":"ListItem","position":3,"name":"EU official journal"}]},{"@type":"WebSite","@id":"https:\/\/www.cde.ual.es\/#website","url":"https:\/\/www.cde.ual.es\/","name":"CDE Almer\u00eda - Centro de Documentaci\u00f3n Europea - Universidad de Almer\u00eda","description":"Centro de Documentaci\u00f3n Europea de la Universidad de Almer\u00eda","publisher":{"@id":"https:\/\/www.cde.ual.es\/#organization"},"alternateName":"CDE Almer\u00eda","potentialAction":[{"@type":"SearchAction","target":{"@type":"EntryPoint","urlTemplate":"https:\/\/www.cde.ual.es\/?s={search_term_string}"},"query-input":{"@type":"PropertyValueSpecification","valueRequired":true,"valueName":"search_term_string"}}],"inLanguage":"en-US"},{"@type":"Organization","@id":"https:\/\/www.cde.ual.es\/#organization","name":"Centro de Documentaci\u00f3n Europea de Almer\u00eda","url":"https:\/\/www.cde.ual.es\/","logo":{"@type":"ImageObject","inLanguage":"en-US","@id":"https:\/\/www.cde.ual.es\/#\/schema\/logo\/image\/","url":"https:\/\/www.cde.ual.es\/wp-content\/uploads\/2025\/07\/cde-logo-3.png","contentUrl":"https:\/\/www.cde.ual.es\/wp-content\/uploads\/2025\/07\/cde-logo-3.png","width":1400,"height":300,"caption":"Centro de Documentaci\u00f3n Europea de Almer\u00eda"},"image":{"@id":"https:\/\/www.cde.ual.es\/#\/schema\/logo\/image\/"},"sameAs":["https:\/\/www.facebook.com\/cdeuniversidadalmeria\/","https:\/\/x.com\/cdeualmeria","https:\/\/www.tiktok.com\/@cdealmeria","https:\/\/www.instagram.com\/cdealmeria\/","https:\/\/www.linkedin.com\/in\/cde-almera-812b26a9\/"]}]}},"_links":{"self":[{"href":"https:\/\/www.cde.ual.es\/en\/wp-json\/wp\/v2\/pages\/13617","targetHints":{"allow":["GET"]}}],"collection":[{"href":"https:\/\/www.cde.ual.es\/en\/wp-json\/wp\/v2\/pages"}],"about":[{"href":"https:\/\/www.cde.ual.es\/en\/wp-json\/wp\/v2\/types\/page"}],"author":[{"embeddable":true,"href":"https:\/\/www.cde.ual.es\/en\/wp-json\/wp\/v2\/users\/1"}],"replies":[{"embeddable":true,"href":"https:\/\/www.cde.ual.es\/en\/wp-json\/wp\/v2\/comments?post=13617"}],"version-history":[{"count":0,"href":"https:\/\/www.cde.ual.es\/en\/wp-json\/wp\/v2\/pages\/13617\/revisions"}],"up":[{"embeddable":true,"href":"https:\/\/www.cde.ual.es\/en\/wp-json\/wp\/v2\/pages\/13546"}],"wp:featuredmedia":[{"embeddable":true,"href":"https:\/\/www.cde.ual.es\/en\/wp-json\/wp\/v2\/media\/13552"}],"wp:attachment":[{"href":"https:\/\/www.cde.ual.es\/en\/wp-json\/wp\/v2\/media?parent=13617"}],"curies":[{"name":"wp","href":"https:\/\/api.w.org\/{rel}","templated":true}]}}