{"id":13546,"date":"2018-03-15T12:22:20","date_gmt":"2018-03-15T11:22:20","guid":{"rendered":"http:\/\/www.cde.ual.es\/europa-en-la-red\/"},"modified":"2022-10-04T13:04:23","modified_gmt":"2022-10-04T11:04:23","slug":"europe-on-the-net","status":"publish","type":"page","link":"https:\/\/www.cde.ual.es\/en\/europe-on-the-net\/","title":{"rendered":"Europe on the net"},"content":{"rendered":"\n\n\t<p><img decoding=\"async\" title=\"Bandera de la Uni\u00f3n Europea Ondeando\" src=\"http:\/\/www.cde.ual.es\/wp-content\/uploads\/2018\/03\/slider-1.jpg\" alt=\"Bandera de la Uni\u00f3n Europea Ondeando, con otraz banderas de paises de la Uni\u00f3n en segundo plano\" width=\"1280\" height=\"481\" \/><\/p>\n<h2>INSTITUTIONS AND AGENCIES<\/h2>\n<p>Section that contains an extensive list with the main Institutions and Agencies of the European Union&#8230;<\/p>\n\t<p><a role=\"button\" href=\"https:\/\/www.cde.ual.es\/en\/europe-on-the-net\/institutions\/\" target=\"_self\" rel=\"nofollow noopener\">Access Here &gt;<\/a><\/p>\n\t<p><img decoding=\"async\" title=\"Vista panor\u00e1mica del interior del Parlamento Europeo\" src=\"https:\/\/www.cde.ual.es\/wp-content\/uploads\/2018\/03\/espan%CC%83a-eu.jpg\" alt=\"Vista panor\u00e1mica del interior del Parlamento Europeo\" width=\"1280\" height=\"481\" \/><\/p>\n<h2>REPRESENTATION OF SPAIN IN THE EU<br \/>\n<\/h2>\n<p>The European Commission has two Representations in Spain, one in Madrid and one in Barcelona. Here we provide an overview of the main responsibilities they have&#8230;<\/p>\n\t<a role=\"button\" href=\"https:\/\/www.cde.ual.es\/en\/europe-on-the-net\/representation-of-spain-in-the-eu\/\">Access Here &gt;<br \/>\n<\/a>\n\t<p><img decoding=\"async\" src=\"http:\/\/www.cde.ual.es\/wp-content\/uploads\/2018\/06\/red-informacion-europea-andalucia.jpg\" alt=\"red-informacion-europea-andalucia\" width=\"458\" height=\"172\" \/><\/p>\n<h2>EUROPEAN INFORMATION NETWORK OF ANDALUSIA<br \/>\n<\/h2>\n<p>The European Information Network of Andalusia is a group of the existing European information centres in Andalusia, with the objective of optimising their work.<\/p>\n\t<p><a role=\"button\" href=\"https:\/\/www.cde.ual.es\/en\/europe-on-the-net\/european-information-network-of-andalusia\/\" rel=\"nofollow\">Access here &gt;<\/a><\/p>\n\t<p><a role=\"button\" href=\"https:\/\/eur-lex.europa.eu\/oj\/direct-access.html?locale=en\">Access here&gt;<\/a><\/p>\n\t<a role=\"button\" href=\"https:\/\/www.cde.ual.es\/europa-en-la-red\/euroexpertos\/\" target=\"_self\" rel=\"noopener\">Access here &gt;<br \/>\n<\/a>\n\n","protected":false},"excerpt":{"rendered":"<p>INSTITUTIONS AND AGENCIES Section that contains an extensive list with the main Institutions and Agencies of the European Union&#8230; Access Here &gt; REPRESENTATION OF SPAIN IN THE EU The European Commission has two Representations in Spain, one in Madrid and one in Barcelona. Here we provide an overview of the main responsibilities they have&#8230; Access [&hellip;]<\/p>\n","protected":false},"author":1,"featured_media":13548,"parent":0,"menu_order":0,"comment_status":"closed","ping_status":"closed","template":"","meta":{"_acf_changed":false,"_relevanssi_hide_post":"","_relevanssi_hide_content":"","_relevanssi_pin_for_all":"","_relevanssi_pin_keywords":"","_relevanssi_unpin_keywords":"","_relevanssi_related_keywords":"","_relevanssi_related_include_ids":"","_relevanssi_related_exclude_ids":"","_relevanssi_related_no_append":"","_relevanssi_related_not_related":"","_relevanssi_related_posts":"","_relevanssi_noindex_reason":"","_monsterinsights_skip_tracking":false,"_monsterinsights_sitenote_active":false,"_monsterinsights_sitenote_note":"","_monsterinsights_sitenote_category":0,"_genesis_hide_title":false,"_genesis_hide_breadcrumbs":false,"_genesis_hide_singular_image":false,"_genesis_hide_footer_widgets":false,"_genesis_custom_body_class":"","_genesis_custom_post_class":"","_genesis_layout":"full-width-content","footnotes":""},"class_list":{"0":"post-13546","1":"page","2":"type-page","3":"status-publish","4":"has-post-thumbnail","6":"entry"},"acf":[],"yoast_head":"<!-- This site is optimized with the Yoast SEO plugin v27.3 - https:\/\/yoast.com\/product\/yoast-seo-wordpress\/ -->\n<title>Europe on the net | CDE Almer\u00eda - Centro de Documentaci\u00f3n Europea - Universidad de Almer\u00eda<\/title>\n<meta name=\"robots\" content=\"index, follow, max-snippet:-1, max-image-preview:large, max-video-preview:-1\" \/>\n<link rel=\"canonical\" href=\"https:\/\/www.cde.ual.es\/en\/europe-on-the-net\/\" \/>\n<meta property=\"og:locale\" content=\"en_US\" \/>\n<meta property=\"og:type\" content=\"article\" \/>\n<meta property=\"og:title\" content=\"Europe on the net | CDE Almer\u00eda - Centro de Documentaci\u00f3n Europea - Universidad de Almer\u00eda\" \/>\n<meta property=\"og:description\" content=\"INSTITUTIONS AND AGENCIES Section that contains an extensive list with the main Institutions and Agencies of the European Union&#8230; Access Here &gt; REPRESENTATION OF SPAIN IN THE EU The European Commission has two Representations in Spain, one in Madrid and one in Barcelona. Here we provide an overview of the main responsibilities they have&#8230; Access [&hellip;]\" \/>\n<meta property=\"og:url\" content=\"https:\/\/www.cde.ual.es\/en\/europe-on-the-net\/\" \/>\n<meta property=\"og:site_name\" content=\"CDE Almer\u00eda - Centro de Documentaci\u00f3n Europea - Universidad de Almer\u00eda\" \/>\n<meta property=\"article:publisher\" content=\"https:\/\/www.facebook.com\/cdeuniversidadalmeria\/\" \/>\n<meta property=\"article:modified_time\" content=\"2022-10-04T11:04:23+00:00\" \/>\n<meta property=\"og:image\" content=\"https:\/\/www.cde.ual.es\/wp-content\/uploads\/2018\/03\/eu-red.jpg\" \/>\n\t<meta property=\"og:image:width\" content=\"1280\" \/>\n\t<meta property=\"og:image:height\" content=\"481\" \/>\n\t<meta property=\"og:image:type\" content=\"image\/jpeg\" \/>\n<meta name=\"twitter:card\" content=\"summary_large_image\" \/>\n<meta name=\"twitter:site\" content=\"@cdeualmeria\" \/>\n<script type=\"application\/ld+json\" class=\"yoast-schema-graph\">{\"@context\":\"https:\\\/\\\/schema.org\",\"@graph\":[{\"@type\":\"WebPage\",\"@id\":\"https:\\\/\\\/www.cde.ual.es\\\/en\\\/europe-on-the-net\\\/\",\"url\":\"https:\\\/\\\/www.cde.ual.es\\\/en\\\/europe-on-the-net\\\/\",\"name\":\"Europe on the net | CDE Almer\u00eda - Centro de Documentaci\u00f3n Europea - Universidad de Almer\u00eda\",\"isPartOf\":{\"@id\":\"https:\\\/\\\/www.cde.ual.es\\\/#website\"},\"primaryImageOfPage\":{\"@id\":\"https:\\\/\\\/www.cde.ual.es\\\/en\\\/europe-on-the-net\\\/#primaryimage\"},\"image\":{\"@id\":\"https:\\\/\\\/www.cde.ual.es\\\/en\\\/europe-on-the-net\\\/#primaryimage\"},\"thumbnailUrl\":\"https:\\\/\\\/www.cde.ual.es\\\/wp-content\\\/uploads\\\/2018\\\/03\\\/eu-red.jpg\",\"datePublished\":\"2018-03-15T11:22:20+00:00\",\"dateModified\":\"2022-10-04T11:04:23+00:00\",\"breadcrumb\":{\"@id\":\"https:\\\/\\\/www.cde.ual.es\\\/en\\\/europe-on-the-net\\\/#breadcrumb\"},\"inLanguage\":\"en-US\",\"potentialAction\":[{\"@type\":\"ReadAction\",\"target\":[\"https:\\\/\\\/www.cde.ual.es\\\/en\\\/europe-on-the-net\\\/\"]}]},{\"@type\":\"ImageObject\",\"inLanguage\":\"en-US\",\"@id\":\"https:\\\/\\\/www.cde.ual.es\\\/en\\\/europe-on-the-net\\\/#primaryimage\",\"url\":\"https:\\\/\\\/www.cde.ual.es\\\/wp-content\\\/uploads\\\/2018\\\/03\\\/eu-red.jpg\",\"contentUrl\":\"https:\\\/\\\/www.cde.ual.es\\\/wp-content\\\/uploads\\\/2018\\\/03\\\/eu-red.jpg\",\"width\":1280,\"height\":481},{\"@type\":\"BreadcrumbList\",\"@id\":\"https:\\\/\\\/www.cde.ual.es\\\/en\\\/europe-on-the-net\\\/#breadcrumb\",\"itemListElement\":[{\"@type\":\"ListItem\",\"position\":1,\"name\":\"Inicio\",\"item\":\"https:\\\/\\\/www.cde.ual.es\\\/en\\\/\"},{\"@type\":\"ListItem\",\"position\":2,\"name\":\"Europe on the net\"}]},{\"@type\":\"WebSite\",\"@id\":\"https:\\\/\\\/www.cde.ual.es\\\/#website\",\"url\":\"https:\\\/\\\/www.cde.ual.es\\\/\",\"name\":\"CDE Almer\u00eda - Centro de Documentaci\u00f3n Europea - Universidad de Almer\u00eda\",\"description\":\"Centro de Documentaci\u00f3n Europea de la Universidad de Almer\u00eda\",\"publisher\":{\"@id\":\"https:\\\/\\\/www.cde.ual.es\\\/#organization\"},\"alternateName\":\"CDE Almer\u00eda\",\"potentialAction\":[{\"@type\":\"SearchAction\",\"target\":{\"@type\":\"EntryPoint\",\"urlTemplate\":\"https:\\\/\\\/www.cde.ual.es\\\/?s={search_term_string}\"},\"query-input\":{\"@type\":\"PropertyValueSpecification\",\"valueRequired\":true,\"valueName\":\"search_term_string\"}}],\"inLanguage\":\"en-US\"},{\"@type\":\"Organization\",\"@id\":\"https:\\\/\\\/www.cde.ual.es\\\/#organization\",\"name\":\"Centro de Documentaci\u00f3n Europea de Almer\u00eda\",\"url\":\"https:\\\/\\\/www.cde.ual.es\\\/\",\"logo\":{\"@type\":\"ImageObject\",\"inLanguage\":\"en-US\",\"@id\":\"https:\\\/\\\/www.cde.ual.es\\\/#\\\/schema\\\/logo\\\/image\\\/\",\"url\":\"https:\\\/\\\/www.cde.ual.es\\\/wp-content\\\/uploads\\\/2025\\\/07\\\/cde-logo-3.png\",\"contentUrl\":\"https:\\\/\\\/www.cde.ual.es\\\/wp-content\\\/uploads\\\/2025\\\/07\\\/cde-logo-3.png\",\"width\":1400,\"height\":300,\"caption\":\"Centro de Documentaci\u00f3n Europea de Almer\u00eda\"},\"image\":{\"@id\":\"https:\\\/\\\/www.cde.ual.es\\\/#\\\/schema\\\/logo\\\/image\\\/\"},\"sameAs\":[\"https:\\\/\\\/www.facebook.com\\\/cdeuniversidadalmeria\\\/\",\"https:\\\/\\\/x.com\\\/cdeualmeria\",\"https:\\\/\\\/www.tiktok.com\\\/@cdealmeria\",\"https:\\\/\\\/www.instagram.com\\\/cdealmeria\\\/\",\"https:\\\/\\\/www.linkedin.com\\\/in\\\/cde-almera-812b26a9\\\/\"]}]}<\/script>\n<!-- \/ Yoast SEO plugin. -->","yoast_head_json":{"title":"Europe on the net | CDE Almer\u00eda - Centro de Documentaci\u00f3n Europea - Universidad de Almer\u00eda","robots":{"index":"index","follow":"follow","max-snippet":"max-snippet:-1","max-image-preview":"max-image-preview:large","max-video-preview":"max-video-preview:-1"},"canonical":"https:\/\/www.cde.ual.es\/en\/europe-on-the-net\/","og_locale":"en_US","og_type":"article","og_title":"Europe on the net | CDE Almer\u00eda - Centro de Documentaci\u00f3n Europea - Universidad de Almer\u00eda","og_description":"INSTITUTIONS AND AGENCIES Section that contains an extensive list with the main Institutions and Agencies of the European Union&#8230; Access Here &gt; REPRESENTATION OF SPAIN IN THE EU The European Commission has two Representations in Spain, one in Madrid and one in Barcelona. Here we provide an overview of the main responsibilities they have&#8230; Access [&hellip;]","og_url":"https:\/\/www.cde.ual.es\/en\/europe-on-the-net\/","og_site_name":"CDE Almer\u00eda - Centro de Documentaci\u00f3n Europea - Universidad de Almer\u00eda","article_publisher":"https:\/\/www.facebook.com\/cdeuniversidadalmeria\/","article_modified_time":"2022-10-04T11:04:23+00:00","og_image":[{"width":1280,"height":481,"url":"https:\/\/www.cde.ual.es\/wp-content\/uploads\/2018\/03\/eu-red.jpg","type":"image\/jpeg"}],"twitter_card":"summary_large_image","twitter_site":"@cdeualmeria","schema":{"@context":"https:\/\/schema.org","@graph":[{"@type":"WebPage","@id":"https:\/\/www.cde.ual.es\/en\/europe-on-the-net\/","url":"https:\/\/www.cde.ual.es\/en\/europe-on-the-net\/","name":"Europe on the net | CDE Almer\u00eda - Centro de Documentaci\u00f3n Europea - Universidad de Almer\u00eda","isPartOf":{"@id":"https:\/\/www.cde.ual.es\/#website"},"primaryImageOfPage":{"@id":"https:\/\/www.cde.ual.es\/en\/europe-on-the-net\/#primaryimage"},"image":{"@id":"https:\/\/www.cde.ual.es\/en\/europe-on-the-net\/#primaryimage"},"thumbnailUrl":"https:\/\/www.cde.ual.es\/wp-content\/uploads\/2018\/03\/eu-red.jpg","datePublished":"2018-03-15T11:22:20+00:00","dateModified":"2022-10-04T11:04:23+00:00","breadcrumb":{"@id":"https:\/\/www.cde.ual.es\/en\/europe-on-the-net\/#breadcrumb"},"inLanguage":"en-US","potentialAction":[{"@type":"ReadAction","target":["https:\/\/www.cde.ual.es\/en\/europe-on-the-net\/"]}]},{"@type":"ImageObject","inLanguage":"en-US","@id":"https:\/\/www.cde.ual.es\/en\/europe-on-the-net\/#primaryimage","url":"https:\/\/www.cde.ual.es\/wp-content\/uploads\/2018\/03\/eu-red.jpg","contentUrl":"https:\/\/www.cde.ual.es\/wp-content\/uploads\/2018\/03\/eu-red.jpg","width":1280,"height":481},{"@type":"BreadcrumbList","@id":"https:\/\/www.cde.ual.es\/en\/europe-on-the-net\/#breadcrumb","itemListElement":[{"@type":"ListItem","position":1,"name":"Inicio","item":"https:\/\/www.cde.ual.es\/en\/"},{"@type":"ListItem","position":2,"name":"Europe on the net"}]},{"@type":"WebSite","@id":"https:\/\/www.cde.ual.es\/#website","url":"https:\/\/www.cde.ual.es\/","name":"CDE Almer\u00eda - Centro de Documentaci\u00f3n Europea - Universidad de Almer\u00eda","description":"Centro de Documentaci\u00f3n Europea de la Universidad de Almer\u00eda","publisher":{"@id":"https:\/\/www.cde.ual.es\/#organization"},"alternateName":"CDE Almer\u00eda","potentialAction":[{"@type":"SearchAction","target":{"@type":"EntryPoint","urlTemplate":"https:\/\/www.cde.ual.es\/?s={search_term_string}"},"query-input":{"@type":"PropertyValueSpecification","valueRequired":true,"valueName":"search_term_string"}}],"inLanguage":"en-US"},{"@type":"Organization","@id":"https:\/\/www.cde.ual.es\/#organization","name":"Centro de Documentaci\u00f3n Europea de Almer\u00eda","url":"https:\/\/www.cde.ual.es\/","logo":{"@type":"ImageObject","inLanguage":"en-US","@id":"https:\/\/www.cde.ual.es\/#\/schema\/logo\/image\/","url":"https:\/\/www.cde.ual.es\/wp-content\/uploads\/2025\/07\/cde-logo-3.png","contentUrl":"https:\/\/www.cde.ual.es\/wp-content\/uploads\/2025\/07\/cde-logo-3.png","width":1400,"height":300,"caption":"Centro de Documentaci\u00f3n Europea de Almer\u00eda"},"image":{"@id":"https:\/\/www.cde.ual.es\/#\/schema\/logo\/image\/"},"sameAs":["https:\/\/www.facebook.com\/cdeuniversidadalmeria\/","https:\/\/x.com\/cdeualmeria","https:\/\/www.tiktok.com\/@cdealmeria","https:\/\/www.instagram.com\/cdealmeria\/","https:\/\/www.linkedin.com\/in\/cde-almera-812b26a9\/"]}]}},"_links":{"self":[{"href":"https:\/\/www.cde.ual.es\/en\/wp-json\/wp\/v2\/pages\/13546","targetHints":{"allow":["GET"]}}],"collection":[{"href":"https:\/\/www.cde.ual.es\/en\/wp-json\/wp\/v2\/pages"}],"about":[{"href":"https:\/\/www.cde.ual.es\/en\/wp-json\/wp\/v2\/types\/page"}],"author":[{"embeddable":true,"href":"https:\/\/www.cde.ual.es\/en\/wp-json\/wp\/v2\/users\/1"}],"replies":[{"embeddable":true,"href":"https:\/\/www.cde.ual.es\/en\/wp-json\/wp\/v2\/comments?post=13546"}],"version-history":[{"count":1,"href":"https:\/\/www.cde.ual.es\/en\/wp-json\/wp\/v2\/pages\/13546\/revisions"}],"predecessor-version":[{"id":120262,"href":"https:\/\/www.cde.ual.es\/en\/wp-json\/wp\/v2\/pages\/13546\/revisions\/120262"}],"wp:featuredmedia":[{"embeddable":true,"href":"https:\/\/www.cde.ual.es\/en\/wp-json\/wp\/v2\/media\/13548"}],"wp:attachment":[{"href":"https:\/\/www.cde.ual.es\/en\/wp-json\/wp\/v2\/media?parent=13546"}],"curies":[{"name":"wp","href":"https:\/\/api.w.org\/{rel}","templated":true}]}}