{"id":111537,"date":"2022-06-28T11:02:14","date_gmt":"2022-06-28T09:02:14","guid":{"rendered":"https:\/\/www.cde.ual.es\/?page_id=111537"},"modified":"2022-06-28T11:17:14","modified_gmt":"2022-06-28T09:17:14","slug":"cookie-policy","status":"publish","type":"page","link":"https:\/\/www.cde.ual.es\/en\/cookie-policy\/","title":{"rendered":"Cookie Policy"},"content":{"rendered":"<p>Cookies on this website are used to personalize content and ads, provide social media features and analyze traffic. We also share information about your use of the website with our social media, advertising and web analytics partners, who may combine it with other information you have provided to them or that they have collected from your use of their services. You accept our cookies if you continue to use our website.<\/p>\r\n<h2><span style=\"color: #00259a;\">What are cookies?<\/span><\/h2>\r\n<p>Cookies are a set of data that a server deposits in the user&#8217;s browser to collect standard Internet log information and information on the behavior of visitors to a website. In other words, they are small text files that are stored on the computer&#8217;s hard drive and are used to identify the user when he\/she connects to the website again. Their purpose is to record the user&#8217;s visit and store certain information. Its use is common and frequent on the web as it allows pages to function more efficiently and achieve greater customization and analysis of user behavior.<\/p>\r\n<h2><span style=\"color: #00259a;\">\u00bfQu\u00e9 tipos de cookies existen?<\/span><\/h2>\r\n<p>The cookies used on our website are session and third party, and allow us to store and access information related to language, type of browser used, and other general characteristics predefined by the user, as well as to track and analyze the activity carried out, in order to make improvements and provide our services in a more efficient and personalized way. Cookies, depending on their permanence, can be divided into session or permanent cookies. Those that expire when the user closes the browser. Those that expire depending on when the purpose for which they serve is fulfilled (for example, for the user to remain identified in the services of Euroepa Documentation Center of the University of Almeria) or when they are manually deleted.<\/p>\r\n<!-- \/wp:post-content -->\r\n<p>&nbsp;<\/p>\r\n<!-- wp:table -->\r\n<figure class=\"wp-block-table\">\r\n<table>\r\n<tbody>\r\n<tr>\r\n<td>Name<\/td>\r\n<td>Type<\/td>\r\n<td>Expiration<\/td>\r\n<td>Purpose<\/td>\r\n<td>Class<\/td>\r\n<\/tr>\r\n<tr>\r\n<td>__utma<\/td>\r\n<td>Third-party (Google Analytics)<\/td>\r\n<td>2 years<\/td>\r\n<td>Used to distinguish users and sessions<\/td>\r\n<td>Not Exempt<\/td>\r\n<\/tr>\r\n<tr>\r\n<td>__utmb<\/td>\r\n<td>Third-party (Google Analytics)<\/td>\r\n<td>30 minutes<\/td>\r\n<td>Used to determine new sessions or visits<\/td>\r\n<td>Not Exempt<\/td>\r\n<\/tr>\r\n<tr>\r\n<td>__utmc<\/td>\r\n<td>Third-party (Google Analytics)<\/td>\r\n<td>At the end of the session<\/td>\r\n<td>Configured for use with Urchin<\/td>\r\n<td>Not Exempt<\/td>\r\n<\/tr>\r\n<tr>\r\n<td>__utmz<\/td>\r\n<td>Third-party (Google Analytics)<\/td>\r\n<td>6 months<\/td>\r\n<td>Stores the origin or campaign that explains how the user arrived at the website<\/td>\r\n<td>Not Exempt<\/td>\r\n<\/tr>\r\n<\/tbody>\r\n<\/table>\r\n<\/figure>\r\n<!-- \/wp:table -->\r\n\r\n<!-- wp:paragraph -->\r\n<p>Additionally, depending on their purpose, cookies can be classified as follows:<\/p>\r\n<h2><span style=\"color: #00259a;\">Performance cookies<\/span><\/h2>\r\n<p>This type of Cookie remembers your preferences for the tools found in the services, so you do not have to reconfigure the service each time you visit. As an example, in this typology are included: Volume settings for video or sound players. Video streaming speeds that are compatible with your browser. Items saved in the &#8220;shopping cart&#8221; in e-commerce services such as stores.<\/p>\r\n<h2><span style=\"color: #00259a;\">Geo-location cookies<\/span><\/h2>\r\n<p>These cookies are used to find out what country you are in when you request a service. This cookie is completely anonymous, and is only used to help target content to your location.<\/p>\r\n<h2><span style=\"color: #00259a;\">Registration Cookies<\/span><\/h2>\r\n<p>Registration cookies are generated once the user has registered or subsequently logged in, and are used to identify you in the services with the following objectives: Keep the user identified so that, if you close a service, browser or computer and at another time or another day re-enter that service, you will continue to be identified, thus facilitating your navigation without having to re-identify yourself. This functionality can be deleted if the user clicks on the [log out] functionality, so that this cookie is deleted and the next time the user enters the service he\/she will have to log in to be identified. Check if the user is authorized to access certain services, for example, to participate in a contest. Additionally, some services may use connectors with social networks such as Facebook or Twitter. When the user registers for a service with credentials from a social network, he authorizes the social network to store a persistent Cookie that remembers his identity and grants him access to the services until it expires. The user can delete this Cookie and revoke access to services through social networks by updating your preferences in the specific social network.<\/p>\r\n<h2><strong><span style=\"color: #00259a;\">Analytics Cookies<\/span><\/strong><\/h2>\r\n<p>Each time a user visits a service, a tool from an external provider generates an analytical cookie on the user&#8217;s computer. This cookie, which is only generated during the visit, will be used in future visits to the services of Euroepa Documentation Center of the University of Almeria to anonymously identify the visitor. The main objectives pursued are: To allow anonymous identification of browsing users through the cookie (identifies browsers and devices, not people) and therefore the approximate accounting of the number of visitors and their trend over time. Identify anonymously the most visited content and therefore more attractive to users Know if the user who is accessing is new or repeat visit. Important: Unless the user decides to register in a service of the Euroepa Documentation Center of the University of Almeria, the cookie will never be associated with any personal data that can identify the user. These cookies will only be used for statistical purposes to help optimize the user experience on the site.<\/p>\r\n<h2><span style=\"color: #00259a;\">Advertising Cookies<\/span><\/h2>\r\n<p>Este tipo de cookies permiten ampliar la informaci\u00f3n de los anuncios mostrados a cada usuario an\u00f3nimo en los servicios del Centro de Documentaci\u00f3n Euroepa de la Universidad de Almer\u00eda. Entre otros, se almacena la duraci\u00f3n o frecuencia de visualizaci\u00f3n de posiciones publicitarias, la interacci\u00f3n con las mismas, o los patrones de navegaci\u00f3n y\/o comportamientos del usuario ya que ayudan a conformar un perfil de inter\u00e9s publicitario. De este modo, permiten ofrecer publicidad af\u00edn a los intereses del usuario.<\/p>\r\n<h2><span style=\"color: #00259a;\">Third-party advertising cookies<\/span><\/h2>\r\n<p>In addition to the advertising managed by the University of Almeria Euroepa Documentation Center websites in its services, the University of Almeria Euroepa Documentation Center websites offer advertisers the option of serving ads through third parties (&#8220;Ad-Servers&#8221;). In this way, these third parties can store cookies sent from the services of Centro de Documentaci\u00f3n Euroepa de la Universidad de Almer\u00eda from the users&#8217; browsers, as well as access the data stored in them. The companies that generate these cookies have their own privacy policies. Currently, the University of Almeria Euroepa Documentation Center websites use the Doubleclick platform (Google) to manage these services. For more information, go to <a href=\"http:\/\/www.google.es\/policies\/privacy\/ads\/#toc-doubleclick\">http:\/\/www.google.es\/policies\/privacy\/ads\/#toc-doubleclick<\/a> and <a href=\"http:\/\/www.google.es\/policies\/privacy\/ads\/\">http:\/\/www.google.es\/policies\/privacy\/ads\/<\/a>.<\/p>\r\n<h2><span style=\"color: #00259a;\">How can I disable cookies in my browser?<\/span><\/h2>\r\n<p>Different browsers can be configured to warn the user of the reception of cookies and, if desired, prevent their installation on the computer. Likewise, the user can check in his browser which cookies he has installed and what is the expiration date of the same, being able to delete them. <br \/><br \/>For more information, please consult the instructions and manuals of your browser: <br \/><br \/>&#8211; For more information on the management of cookies in Google Chrome: <a href=\"https:\/\/support.google.com\/chrome\/answer\/95647?hl=es\">https:\/\/support.google.com\/chrome\/answer\/95647?hl=es<\/a> <br \/>&#8211; For more information on the management of cookies in Internet Explorer: <a href=\"http:\/\/windows.microsoft.com\/es-es\/windows-vista\/cookies-frequently-asked-questions\">http:\/\/windows.microsoft.com\/es-es\/windows-vista\/cookies-frequently-asked-questions<\/a> <br \/>&#8211; For more information on the management of cookies in Mozilla Firefox: <a href=\"https:\/\/support.mozilla.org\/es\/kb\/Deshabilitar%20cookies%20de%20terceros\" target=\"_blank\" rel=\"noopener\">https:\/\/support.mozilla.org\/es\/kb\/Deshabilitar%20cookies%20de%20terceros<\/a> <br \/>&#8211; For more information on the management of cookies in Safari: <a href=\"http:\/\/www.apple.com\/es\/privacy\/use-of-cookies\/\">http:\/\/www.apple.com\/es\/privacy\/use-of-cookies\/<\/a> <br \/>&#8211; For more information on the management of cookies in Opera: <a href=\"http:\/\/help.opera.com\/Windows\/11.50\/es-ES\/cookies.html\">http:\/\/help.opera.com\/Windows\/11.50\/es-ES\/cookies.html<\/a> <br \/><br \/>If you want to stop being tracked by Google Analytics visit: <a href=\"http:\/\/tools.google.com\/dlpage\/gaoptout\">http:\/\/tools.google.com\/dlpage\/gaoptout<\/a><\/p>\r\n<h2><span style=\"color: #00259a;\">To learn more about cookies<\/span><\/h2>\r\n<p>You can learn more about online behavioral advertising and online privacy at the following link: <br \/><br \/><a href=\"http:\/\/www.youronlinechoices.com\/es\/\">http:\/\/www.youronlinechoices.com\/es\/<\/a> <br \/><br \/>Google Analytics Data Protection: <a href=\"http:\/\/www.google.com\/analytics\/learn\/privacy.html\">http:\/\/www.google.com\/analytics\/learn\/privacy.html<\/a> <br \/>How Google Analytics uses cookies: <a href=\"https:\/\/developers.google.com\/analytics\/devguides\/collection\/analyticsjs\/cookie-usage?hl=es#analyticsjs\">https:\/\/developers.google.com\/analytics\/devguides\/collection\/analyticsjs\/cookie-usage?hl=es#analyticsjs<\/a><\/p>\r\n<h2><span style=\"color: #00259a;\">Updates and changes in the privacy\/cookies policy<\/span><\/h2>\r\n<p>The websites of the Euroepa Documentation Center of the University of Almeria may modify this Cookies Policy according to legislative or regulatory requirements, or in order to adapt this policy to the instructions issued by the Spanish Data Protection Agency, so users are advised to visit it periodically. When significant changes occur in this Cookies Policy, these will be communicated to users either through the web or via email to registered users.<\/p>\r\n<h2><span style=\"color: #00259a;\">ACCESS TO DATA<\/span><\/h2>\r\n<p>Cookies on our website are only used by: <br \/><br \/>&#8211; The Owner of the page, Centro de Documentaci\u00f3n Europea de la Universidad de Almer\u00eda, with CIF: Q-5450008-G and registered office at: Carretera de Sacramento, s\/n. La Ca\u00f1ada de San Urbano. 04120 Almer\u00eda (Spain) <br \/><br \/>&#8211; Google Analytics. <br \/>&#8211; Yandex Metrika.<\/p>","protected":false},"excerpt":{"rendered":"<p>Cookies on this website are used to personalize content and ads, provide social media features and analyze traffic. We also share information about your use of the website with our social media, advertising and web analytics partners, who may combine it with other information you have provided to them or that they have collected from [&hellip;]<\/p>\n","protected":false},"author":1,"featured_media":0,"parent":0,"menu_order":0,"comment_status":"closed","ping_status":"closed","template":"","meta":{"_acf_changed":false,"_relevanssi_hide_post":"","_relevanssi_hide_content":"","_relevanssi_pin_for_all":"","_relevanssi_pin_keywords":"","_relevanssi_unpin_keywords":"","_relevanssi_related_keywords":"","_relevanssi_related_include_ids":"","_relevanssi_related_exclude_ids":"","_relevanssi_related_no_append":"","_relevanssi_related_not_related":"","_relevanssi_related_posts":"","_relevanssi_noindex_reason":"","_monsterinsights_skip_tracking":false,"_monsterinsights_sitenote_active":false,"_monsterinsights_sitenote_note":"","_monsterinsights_sitenote_category":0,"_genesis_hide_title":false,"_genesis_hide_breadcrumbs":false,"_genesis_hide_singular_image":false,"_genesis_hide_footer_widgets":false,"_genesis_custom_body_class":"","_genesis_custom_post_class":"","_genesis_layout":"full-width-content","footnotes":""},"class_list":{"0":"post-111537","1":"page","2":"type-page","3":"status-publish","5":"entry"},"acf":[],"yoast_head":"<!-- This site is optimized with the Yoast SEO plugin v27.4 - https:\/\/yoast.com\/product\/yoast-seo-wordpress\/ -->\n<title>Cookie Policy | CDE Almer\u00eda - Centro de Documentaci\u00f3n Europea - Universidad de Almer\u00eda<\/title>\n<meta name=\"robots\" content=\"index, follow, max-snippet:-1, max-image-preview:large, max-video-preview:-1\" \/>\n<link rel=\"canonical\" href=\"https:\/\/www.cde.ual.es\/en\/cookie-policy\/\" \/>\n<meta property=\"og:locale\" content=\"en_US\" \/>\n<meta property=\"og:type\" content=\"article\" \/>\n<meta property=\"og:title\" content=\"Cookie Policy | CDE Almer\u00eda - Centro de Documentaci\u00f3n Europea - Universidad de Almer\u00eda\" \/>\n<meta property=\"og:description\" content=\"Cookies on this website are used to personalize content and ads, provide social media features and analyze traffic. We also share information about your use of the website with our social media, advertising and web analytics partners, who may combine it with other information you have provided to them or that they have collected from [&hellip;]\" \/>\n<meta property=\"og:url\" content=\"https:\/\/www.cde.ual.es\/en\/cookie-policy\/\" \/>\n<meta property=\"og:site_name\" content=\"CDE Almer\u00eda - Centro de Documentaci\u00f3n Europea - Universidad de Almer\u00eda\" \/>\n<meta property=\"article:publisher\" content=\"https:\/\/www.facebook.com\/cdeuniversidadalmeria\/\" \/>\n<meta property=\"article:modified_time\" content=\"2022-06-28T09:17:14+00:00\" \/>\n<meta name=\"twitter:card\" content=\"summary_large_image\" \/>\n<meta name=\"twitter:site\" content=\"@cdeualmeria\" \/>\n<meta name=\"twitter:label1\" content=\"Est. reading time\" \/>\n\t<meta name=\"twitter:data1\" content=\"7 minutes\" \/>\n<script type=\"application\/ld+json\" class=\"yoast-schema-graph\">{\"@context\":\"https:\\\/\\\/schema.org\",\"@graph\":[{\"@type\":\"WebPage\",\"@id\":\"https:\\\/\\\/www.cde.ual.es\\\/en\\\/cookie-policy\\\/\",\"url\":\"https:\\\/\\\/www.cde.ual.es\\\/en\\\/cookie-policy\\\/\",\"name\":\"Cookie Policy | CDE Almer\u00eda - Centro de Documentaci\u00f3n Europea - Universidad de Almer\u00eda\",\"isPartOf\":{\"@id\":\"https:\\\/\\\/www.cde.ual.es\\\/#website\"},\"datePublished\":\"2022-06-28T09:02:14+00:00\",\"dateModified\":\"2022-06-28T09:17:14+00:00\",\"breadcrumb\":{\"@id\":\"https:\\\/\\\/www.cde.ual.es\\\/en\\\/cookie-policy\\\/#breadcrumb\"},\"inLanguage\":\"en-US\",\"potentialAction\":[{\"@type\":\"ReadAction\",\"target\":[\"https:\\\/\\\/www.cde.ual.es\\\/en\\\/cookie-policy\\\/\"]}]},{\"@type\":\"BreadcrumbList\",\"@id\":\"https:\\\/\\\/www.cde.ual.es\\\/en\\\/cookie-policy\\\/#breadcrumb\",\"itemListElement\":[{\"@type\":\"ListItem\",\"position\":1,\"name\":\"Inicio\",\"item\":\"https:\\\/\\\/www.cde.ual.es\\\/en\\\/\"},{\"@type\":\"ListItem\",\"position\":2,\"name\":\"Cookie Policy\"}]},{\"@type\":\"WebSite\",\"@id\":\"https:\\\/\\\/www.cde.ual.es\\\/#website\",\"url\":\"https:\\\/\\\/www.cde.ual.es\\\/\",\"name\":\"CDE Almer\u00eda - Centro de Documentaci\u00f3n Europea - Universidad de Almer\u00eda\",\"description\":\"Centro de Documentaci\u00f3n Europea de la Universidad de Almer\u00eda\",\"publisher\":{\"@id\":\"https:\\\/\\\/www.cde.ual.es\\\/#organization\"},\"alternateName\":\"CDE Almer\u00eda\",\"potentialAction\":[{\"@type\":\"SearchAction\",\"target\":{\"@type\":\"EntryPoint\",\"urlTemplate\":\"https:\\\/\\\/www.cde.ual.es\\\/?s={search_term_string}\"},\"query-input\":{\"@type\":\"PropertyValueSpecification\",\"valueRequired\":true,\"valueName\":\"search_term_string\"}}],\"inLanguage\":\"en-US\"},{\"@type\":\"Organization\",\"@id\":\"https:\\\/\\\/www.cde.ual.es\\\/#organization\",\"name\":\"Centro de Documentaci\u00f3n Europea de Almer\u00eda\",\"url\":\"https:\\\/\\\/www.cde.ual.es\\\/\",\"logo\":{\"@type\":\"ImageObject\",\"inLanguage\":\"en-US\",\"@id\":\"https:\\\/\\\/www.cde.ual.es\\\/#\\\/schema\\\/logo\\\/image\\\/\",\"url\":\"https:\\\/\\\/www.cde.ual.es\\\/wp-content\\\/uploads\\\/2025\\\/07\\\/cde-logo-3.png\",\"contentUrl\":\"https:\\\/\\\/www.cde.ual.es\\\/wp-content\\\/uploads\\\/2025\\\/07\\\/cde-logo-3.png\",\"width\":1400,\"height\":300,\"caption\":\"Centro de Documentaci\u00f3n Europea de Almer\u00eda\"},\"image\":{\"@id\":\"https:\\\/\\\/www.cde.ual.es\\\/#\\\/schema\\\/logo\\\/image\\\/\"},\"sameAs\":[\"https:\\\/\\\/www.facebook.com\\\/cdeuniversidadalmeria\\\/\",\"https:\\\/\\\/x.com\\\/cdeualmeria\",\"https:\\\/\\\/www.tiktok.com\\\/@cdealmeria\",\"https:\\\/\\\/www.instagram.com\\\/cdealmeria\\\/\",\"https:\\\/\\\/www.linkedin.com\\\/in\\\/cde-almera-812b26a9\\\/\"]}]}<\/script>\n<!-- \/ Yoast SEO plugin. -->","yoast_head_json":{"title":"Cookie Policy | CDE Almer\u00eda - Centro de Documentaci\u00f3n Europea - Universidad de Almer\u00eda","robots":{"index":"index","follow":"follow","max-snippet":"max-snippet:-1","max-image-preview":"max-image-preview:large","max-video-preview":"max-video-preview:-1"},"canonical":"https:\/\/www.cde.ual.es\/en\/cookie-policy\/","og_locale":"en_US","og_type":"article","og_title":"Cookie Policy | CDE Almer\u00eda - Centro de Documentaci\u00f3n Europea - Universidad de Almer\u00eda","og_description":"Cookies on this website are used to personalize content and ads, provide social media features and analyze traffic. We also share information about your use of the website with our social media, advertising and web analytics partners, who may combine it with other information you have provided to them or that they have collected from [&hellip;]","og_url":"https:\/\/www.cde.ual.es\/en\/cookie-policy\/","og_site_name":"CDE Almer\u00eda - Centro de Documentaci\u00f3n Europea - Universidad de Almer\u00eda","article_publisher":"https:\/\/www.facebook.com\/cdeuniversidadalmeria\/","article_modified_time":"2022-06-28T09:17:14+00:00","twitter_card":"summary_large_image","twitter_site":"@cdeualmeria","twitter_misc":{"Est. reading time":"7 minutes"},"schema":{"@context":"https:\/\/schema.org","@graph":[{"@type":"WebPage","@id":"https:\/\/www.cde.ual.es\/en\/cookie-policy\/","url":"https:\/\/www.cde.ual.es\/en\/cookie-policy\/","name":"Cookie Policy | CDE Almer\u00eda - Centro de Documentaci\u00f3n Europea - Universidad de Almer\u00eda","isPartOf":{"@id":"https:\/\/www.cde.ual.es\/#website"},"datePublished":"2022-06-28T09:02:14+00:00","dateModified":"2022-06-28T09:17:14+00:00","breadcrumb":{"@id":"https:\/\/www.cde.ual.es\/en\/cookie-policy\/#breadcrumb"},"inLanguage":"en-US","potentialAction":[{"@type":"ReadAction","target":["https:\/\/www.cde.ual.es\/en\/cookie-policy\/"]}]},{"@type":"BreadcrumbList","@id":"https:\/\/www.cde.ual.es\/en\/cookie-policy\/#breadcrumb","itemListElement":[{"@type":"ListItem","position":1,"name":"Inicio","item":"https:\/\/www.cde.ual.es\/en\/"},{"@type":"ListItem","position":2,"name":"Cookie Policy"}]},{"@type":"WebSite","@id":"https:\/\/www.cde.ual.es\/#website","url":"https:\/\/www.cde.ual.es\/","name":"CDE Almer\u00eda - Centro de Documentaci\u00f3n Europea - Universidad de Almer\u00eda","description":"Centro de Documentaci\u00f3n Europea de la Universidad de Almer\u00eda","publisher":{"@id":"https:\/\/www.cde.ual.es\/#organization"},"alternateName":"CDE Almer\u00eda","potentialAction":[{"@type":"SearchAction","target":{"@type":"EntryPoint","urlTemplate":"https:\/\/www.cde.ual.es\/?s={search_term_string}"},"query-input":{"@type":"PropertyValueSpecification","valueRequired":true,"valueName":"search_term_string"}}],"inLanguage":"en-US"},{"@type":"Organization","@id":"https:\/\/www.cde.ual.es\/#organization","name":"Centro de Documentaci\u00f3n Europea de Almer\u00eda","url":"https:\/\/www.cde.ual.es\/","logo":{"@type":"ImageObject","inLanguage":"en-US","@id":"https:\/\/www.cde.ual.es\/#\/schema\/logo\/image\/","url":"https:\/\/www.cde.ual.es\/wp-content\/uploads\/2025\/07\/cde-logo-3.png","contentUrl":"https:\/\/www.cde.ual.es\/wp-content\/uploads\/2025\/07\/cde-logo-3.png","width":1400,"height":300,"caption":"Centro de Documentaci\u00f3n Europea de Almer\u00eda"},"image":{"@id":"https:\/\/www.cde.ual.es\/#\/schema\/logo\/image\/"},"sameAs":["https:\/\/www.facebook.com\/cdeuniversidadalmeria\/","https:\/\/x.com\/cdeualmeria","https:\/\/www.tiktok.com\/@cdealmeria","https:\/\/www.instagram.com\/cdealmeria\/","https:\/\/www.linkedin.com\/in\/cde-almera-812b26a9\/"]}]}},"_links":{"self":[{"href":"https:\/\/www.cde.ual.es\/en\/wp-json\/wp\/v2\/pages\/111537","targetHints":{"allow":["GET"]}}],"collection":[{"href":"https:\/\/www.cde.ual.es\/en\/wp-json\/wp\/v2\/pages"}],"about":[{"href":"https:\/\/www.cde.ual.es\/en\/wp-json\/wp\/v2\/types\/page"}],"author":[{"embeddable":true,"href":"https:\/\/www.cde.ual.es\/en\/wp-json\/wp\/v2\/users\/1"}],"replies":[{"embeddable":true,"href":"https:\/\/www.cde.ual.es\/en\/wp-json\/wp\/v2\/comments?post=111537"}],"version-history":[{"count":3,"href":"https:\/\/www.cde.ual.es\/en\/wp-json\/wp\/v2\/pages\/111537\/revisions"}],"predecessor-version":[{"id":111542,"href":"https:\/\/www.cde.ual.es\/en\/wp-json\/wp\/v2\/pages\/111537\/revisions\/111542"}],"wp:attachment":[{"href":"https:\/\/www.cde.ual.es\/en\/wp-json\/wp\/v2\/media?parent=111537"}],"curies":[{"name":"wp","href":"https:\/\/api.w.org\/{rel}","templated":true}]}}