{"id":110731,"date":"2022-06-17T13:27:31","date_gmt":"2022-06-17T11:27:31","guid":{"rendered":"https:\/\/www.cde.ual.es\/?page_id=110731"},"modified":"2022-11-10T12:06:24","modified_gmt":"2022-11-10T11:06:24","slug":"accessibility","status":"publish","type":"page","link":"https:\/\/www.cde.ual.es\/en\/accessibility\/","title":{"rendered":"Accessibility"},"content":{"rendered":"\r\n<p>The purpose of Web Accessibility is to attain universal access to the Web regardless of the software, or the user&#8217;s device and ability. The Initiative of Web Accessibility began with this purpose, <a href=\"http:\/\/www.w3.org\/WAI\/\" target=\"_blank\" rel=\"noopener\">WAI (Web Accesibility Initiative)<\/a>, and it is promoted by the <a href=\"http:\/\/www.w3.org\/\" target=\"_blank\" rel=\"noopener\">World Wide Web Consortium (W3C)<\/a>.<\/p>\r\n<p>W3C, intending to make accessibility measurable, developed &#8220;<a href=\"http:\/\/www.w3.org\/TR\/WAI-WEBCONTENT\/\" target=\"_blank\" rel=\"noopener\">Web Content Accessibility Guidelines (WCAG)<\/a>&#8220;, also intended to serve as guidelines for webpage design. They are 14 guidelines with checkpoints, each one related to a priority, so each priority indicates the need to check that point.<\/p>\r\n<p>Depending on the compliance to these checkpoints, different conformity levels are established: A, AA and AAA.<\/p>\r\n<p>Throughout the years W3C has improved the initial standard (<a href=\"http:\/\/www.w3.org\/TR\/WCAG10\/\" target=\"_blank\" rel=\"noopener\">WCAG 1.0<\/a>). Finally in December 2008, a new version was published <a href=\"http:\/\/www.w3.org\/TR\/WCAG20\/\" target=\"_blank\" rel=\"noopener\">WCAG 2.0<\/a> to respond to users requirements.<\/p>\r\n<h2>Accessibility at the University of Almeria<\/h2>\r\n<p>The University of Almeria is committed and has the obligation, according to the Royal Decree 1494\/2007, of extending the level of accessibility to all University webpages.<\/p>\r\n<p>The Almeria University website has been designed to reach an accessibility of <strong>level AA according to WCAG 1.0<\/strong>, complying with all priority checkpoints 1 and 2.<\/p>\r\n<p>The University of Almeria, in its commitment with ongoing improvement and after publishing the new WCAG 2.0 recommendations, will be making the appropriate adaptations as this new W3C recommendation is enforced.<\/p>\r\n<h2>Technical information about accessibility at the University of Almeria<\/h2>\r\n<p>Some of the technical specifications implemented to enable improved access to all the contents of the web are:<\/p>\r\n<ul>\r\n<li>The visual features (font type, font and background colour, etc.) are defined by <strong>CSS stylesheets<\/strong> so the user may adjust the text to his or her preferences. But if the browser does not support stylesheets, all contents may be equally accessed disabling the CSS.<\/li>\r\n<li>The <strong>font sizes<\/strong> have been defined with <strong>relative units<\/strong> so the font size may be increased or reduced from the browser options.<\/li>\r\n<li>All pages have been designed with a clear <strong>semantic structure<\/strong>. By using HTML (H1, H2&#8230;) tags, the section headings have been identified, and also the titles, lists and other elements that are useful for a general understanding of the website. In this way, webpages have a clear structure not only for users who can see all the content, bul also for those who read the information with a screen reader, those who disable the stylesheets, etc.<\/li>\r\n<li>HTML and CSS codes used are adjusted to formal grammar in order to guarantee the correct vision of the contents in all browsers.<\/li>\r\n<li>Some <strong>images<\/strong> published on the website have an alternative text, so people who, for several reasons, are unable to see them, may have a description of what they are intended to contain.<\/li>\r\n<li><strong>Javascript<\/strong> technology is used within the standard development frameworks that allow interaction with our website without any type of problem.<\/li>\r\n<\/ul>\r\n<h2>Dificulties with accessibility?<\/h2>\r\n<p>If you find any problem accessing any content of the University of Almeria website, please do not hesitate to contact us. For this you can send an email to soporte.web@ual.es or use the contact form.<\/p>\r\n","protected":false},"excerpt":{"rendered":"<p>The purpose of Web Accessibility is to attain universal access to the Web regardless of the software, or the user&#8217;s device and ability. The Initiative of Web Accessibility began with this purpose, WAI (Web Accesibility Initiative), and it is promoted by the World Wide Web Consortium (W3C). W3C, intending to make accessibility measurable, developed &#8220;Web [&hellip;]<\/p>\n","protected":false},"author":1,"featured_media":0,"parent":0,"menu_order":0,"comment_status":"closed","ping_status":"closed","template":"","meta":{"_acf_changed":false,"_relevanssi_hide_post":"","_relevanssi_hide_content":"","_relevanssi_pin_for_all":"","_relevanssi_pin_keywords":"","_relevanssi_unpin_keywords":"","_relevanssi_related_keywords":"","_relevanssi_related_include_ids":"","_relevanssi_related_exclude_ids":"","_relevanssi_related_no_append":"","_relevanssi_related_not_related":"","_relevanssi_related_posts":"","_relevanssi_noindex_reason":"","_monsterinsights_skip_tracking":false,"_monsterinsights_sitenote_active":false,"_monsterinsights_sitenote_note":"","_monsterinsights_sitenote_category":0,"_genesis_hide_title":false,"_genesis_hide_breadcrumbs":false,"_genesis_hide_singular_image":false,"_genesis_hide_footer_widgets":false,"_genesis_custom_body_class":"","_genesis_custom_post_class":"","_genesis_layout":"full-width-content","footnotes":""},"class_list":{"0":"post-110731","1":"page","2":"type-page","3":"status-publish","5":"entry"},"acf":[],"yoast_head":"<!-- This site is optimized with the Yoast SEO plugin v27.3 - https:\/\/yoast.com\/product\/yoast-seo-wordpress\/ -->\n<title>Accessibility | CDE Almer\u00eda - Centro de Documentaci\u00f3n Europea - Universidad de Almer\u00eda<\/title>\n<meta name=\"robots\" content=\"index, follow, max-snippet:-1, max-image-preview:large, max-video-preview:-1\" \/>\n<link rel=\"canonical\" href=\"https:\/\/www.cde.ual.es\/en\/accessibility\/\" \/>\n<meta property=\"og:locale\" content=\"en_US\" \/>\n<meta property=\"og:type\" content=\"article\" \/>\n<meta property=\"og:title\" content=\"Accessibility | CDE Almer\u00eda - Centro de Documentaci\u00f3n Europea - Universidad de Almer\u00eda\" \/>\n<meta property=\"og:description\" content=\"The purpose of Web Accessibility is to attain universal access to the Web regardless of the software, or the user&#8217;s device and ability. The Initiative of Web Accessibility began with this purpose, WAI (Web Accesibility Initiative), and it is promoted by the World Wide Web Consortium (W3C). W3C, intending to make accessibility measurable, developed &#8220;Web [&hellip;]\" \/>\n<meta property=\"og:url\" content=\"https:\/\/www.cde.ual.es\/en\/accessibility\/\" \/>\n<meta property=\"og:site_name\" content=\"CDE Almer\u00eda - Centro de Documentaci\u00f3n Europea - Universidad de Almer\u00eda\" \/>\n<meta property=\"article:publisher\" content=\"https:\/\/www.facebook.com\/cdeuniversidadalmeria\/\" \/>\n<meta property=\"article:modified_time\" content=\"2022-11-10T11:06:24+00:00\" \/>\n<meta name=\"twitter:card\" content=\"summary_large_image\" \/>\n<meta name=\"twitter:site\" content=\"@cdeualmeria\" \/>\n<meta name=\"twitter:label1\" content=\"Est. reading time\" \/>\n\t<meta name=\"twitter:data1\" content=\"3 minutes\" \/>\n<script type=\"application\/ld+json\" class=\"yoast-schema-graph\">{\"@context\":\"https:\\\/\\\/schema.org\",\"@graph\":[{\"@type\":\"WebPage\",\"@id\":\"https:\\\/\\\/www.cde.ual.es\\\/en\\\/accessibility\\\/\",\"url\":\"https:\\\/\\\/www.cde.ual.es\\\/en\\\/accessibility\\\/\",\"name\":\"Accessibility | CDE Almer\u00eda - Centro de Documentaci\u00f3n Europea - Universidad de Almer\u00eda\",\"isPartOf\":{\"@id\":\"https:\\\/\\\/www.cde.ual.es\\\/#website\"},\"datePublished\":\"2022-06-17T11:27:31+00:00\",\"dateModified\":\"2022-11-10T11:06:24+00:00\",\"breadcrumb\":{\"@id\":\"https:\\\/\\\/www.cde.ual.es\\\/en\\\/accessibility\\\/#breadcrumb\"},\"inLanguage\":\"en-US\",\"potentialAction\":[{\"@type\":\"ReadAction\",\"target\":[\"https:\\\/\\\/www.cde.ual.es\\\/en\\\/accessibility\\\/\"]}]},{\"@type\":\"BreadcrumbList\",\"@id\":\"https:\\\/\\\/www.cde.ual.es\\\/en\\\/accessibility\\\/#breadcrumb\",\"itemListElement\":[{\"@type\":\"ListItem\",\"position\":1,\"name\":\"Inicio\",\"item\":\"https:\\\/\\\/www.cde.ual.es\\\/en\\\/\"},{\"@type\":\"ListItem\",\"position\":2,\"name\":\"Accessibility\"}]},{\"@type\":\"WebSite\",\"@id\":\"https:\\\/\\\/www.cde.ual.es\\\/#website\",\"url\":\"https:\\\/\\\/www.cde.ual.es\\\/\",\"name\":\"CDE Almer\u00eda - Centro de Documentaci\u00f3n Europea - Universidad de Almer\u00eda\",\"description\":\"Centro de Documentaci\u00f3n Europea de la Universidad de Almer\u00eda\",\"publisher\":{\"@id\":\"https:\\\/\\\/www.cde.ual.es\\\/#organization\"},\"alternateName\":\"CDE Almer\u00eda\",\"potentialAction\":[{\"@type\":\"SearchAction\",\"target\":{\"@type\":\"EntryPoint\",\"urlTemplate\":\"https:\\\/\\\/www.cde.ual.es\\\/?s={search_term_string}\"},\"query-input\":{\"@type\":\"PropertyValueSpecification\",\"valueRequired\":true,\"valueName\":\"search_term_string\"}}],\"inLanguage\":\"en-US\"},{\"@type\":\"Organization\",\"@id\":\"https:\\\/\\\/www.cde.ual.es\\\/#organization\",\"name\":\"Centro de Documentaci\u00f3n Europea de Almer\u00eda\",\"url\":\"https:\\\/\\\/www.cde.ual.es\\\/\",\"logo\":{\"@type\":\"ImageObject\",\"inLanguage\":\"en-US\",\"@id\":\"https:\\\/\\\/www.cde.ual.es\\\/#\\\/schema\\\/logo\\\/image\\\/\",\"url\":\"https:\\\/\\\/www.cde.ual.es\\\/wp-content\\\/uploads\\\/2025\\\/07\\\/cde-logo-3.png\",\"contentUrl\":\"https:\\\/\\\/www.cde.ual.es\\\/wp-content\\\/uploads\\\/2025\\\/07\\\/cde-logo-3.png\",\"width\":1400,\"height\":300,\"caption\":\"Centro de Documentaci\u00f3n Europea de Almer\u00eda\"},\"image\":{\"@id\":\"https:\\\/\\\/www.cde.ual.es\\\/#\\\/schema\\\/logo\\\/image\\\/\"},\"sameAs\":[\"https:\\\/\\\/www.facebook.com\\\/cdeuniversidadalmeria\\\/\",\"https:\\\/\\\/x.com\\\/cdeualmeria\",\"https:\\\/\\\/www.tiktok.com\\\/@cdealmeria\",\"https:\\\/\\\/www.instagram.com\\\/cdealmeria\\\/\",\"https:\\\/\\\/www.linkedin.com\\\/in\\\/cde-almera-812b26a9\\\/\"]}]}<\/script>\n<!-- \/ Yoast SEO plugin. -->","yoast_head_json":{"title":"Accessibility | CDE Almer\u00eda - Centro de Documentaci\u00f3n Europea - Universidad de Almer\u00eda","robots":{"index":"index","follow":"follow","max-snippet":"max-snippet:-1","max-image-preview":"max-image-preview:large","max-video-preview":"max-video-preview:-1"},"canonical":"https:\/\/www.cde.ual.es\/en\/accessibility\/","og_locale":"en_US","og_type":"article","og_title":"Accessibility | CDE Almer\u00eda - Centro de Documentaci\u00f3n Europea - Universidad de Almer\u00eda","og_description":"The purpose of Web Accessibility is to attain universal access to the Web regardless of the software, or the user&#8217;s device and ability. The Initiative of Web Accessibility began with this purpose, WAI (Web Accesibility Initiative), and it is promoted by the World Wide Web Consortium (W3C). W3C, intending to make accessibility measurable, developed &#8220;Web [&hellip;]","og_url":"https:\/\/www.cde.ual.es\/en\/accessibility\/","og_site_name":"CDE Almer\u00eda - Centro de Documentaci\u00f3n Europea - Universidad de Almer\u00eda","article_publisher":"https:\/\/www.facebook.com\/cdeuniversidadalmeria\/","article_modified_time":"2022-11-10T11:06:24+00:00","twitter_card":"summary_large_image","twitter_site":"@cdeualmeria","twitter_misc":{"Est. reading time":"3 minutes"},"schema":{"@context":"https:\/\/schema.org","@graph":[{"@type":"WebPage","@id":"https:\/\/www.cde.ual.es\/en\/accessibility\/","url":"https:\/\/www.cde.ual.es\/en\/accessibility\/","name":"Accessibility | CDE Almer\u00eda - Centro de Documentaci\u00f3n Europea - Universidad de Almer\u00eda","isPartOf":{"@id":"https:\/\/www.cde.ual.es\/#website"},"datePublished":"2022-06-17T11:27:31+00:00","dateModified":"2022-11-10T11:06:24+00:00","breadcrumb":{"@id":"https:\/\/www.cde.ual.es\/en\/accessibility\/#breadcrumb"},"inLanguage":"en-US","potentialAction":[{"@type":"ReadAction","target":["https:\/\/www.cde.ual.es\/en\/accessibility\/"]}]},{"@type":"BreadcrumbList","@id":"https:\/\/www.cde.ual.es\/en\/accessibility\/#breadcrumb","itemListElement":[{"@type":"ListItem","position":1,"name":"Inicio","item":"https:\/\/www.cde.ual.es\/en\/"},{"@type":"ListItem","position":2,"name":"Accessibility"}]},{"@type":"WebSite","@id":"https:\/\/www.cde.ual.es\/#website","url":"https:\/\/www.cde.ual.es\/","name":"CDE Almer\u00eda - Centro de Documentaci\u00f3n Europea - Universidad de Almer\u00eda","description":"Centro de Documentaci\u00f3n Europea de la Universidad de Almer\u00eda","publisher":{"@id":"https:\/\/www.cde.ual.es\/#organization"},"alternateName":"CDE Almer\u00eda","potentialAction":[{"@type":"SearchAction","target":{"@type":"EntryPoint","urlTemplate":"https:\/\/www.cde.ual.es\/?s={search_term_string}"},"query-input":{"@type":"PropertyValueSpecification","valueRequired":true,"valueName":"search_term_string"}}],"inLanguage":"en-US"},{"@type":"Organization","@id":"https:\/\/www.cde.ual.es\/#organization","name":"Centro de Documentaci\u00f3n Europea de Almer\u00eda","url":"https:\/\/www.cde.ual.es\/","logo":{"@type":"ImageObject","inLanguage":"en-US","@id":"https:\/\/www.cde.ual.es\/#\/schema\/logo\/image\/","url":"https:\/\/www.cde.ual.es\/wp-content\/uploads\/2025\/07\/cde-logo-3.png","contentUrl":"https:\/\/www.cde.ual.es\/wp-content\/uploads\/2025\/07\/cde-logo-3.png","width":1400,"height":300,"caption":"Centro de Documentaci\u00f3n Europea de Almer\u00eda"},"image":{"@id":"https:\/\/www.cde.ual.es\/#\/schema\/logo\/image\/"},"sameAs":["https:\/\/www.facebook.com\/cdeuniversidadalmeria\/","https:\/\/x.com\/cdeualmeria","https:\/\/www.tiktok.com\/@cdealmeria","https:\/\/www.instagram.com\/cdealmeria\/","https:\/\/www.linkedin.com\/in\/cde-almera-812b26a9\/"]}]}},"_links":{"self":[{"href":"https:\/\/www.cde.ual.es\/en\/wp-json\/wp\/v2\/pages\/110731","targetHints":{"allow":["GET"]}}],"collection":[{"href":"https:\/\/www.cde.ual.es\/en\/wp-json\/wp\/v2\/pages"}],"about":[{"href":"https:\/\/www.cde.ual.es\/en\/wp-json\/wp\/v2\/types\/page"}],"author":[{"embeddable":true,"href":"https:\/\/www.cde.ual.es\/en\/wp-json\/wp\/v2\/users\/1"}],"replies":[{"embeddable":true,"href":"https:\/\/www.cde.ual.es\/en\/wp-json\/wp\/v2\/comments?post=110731"}],"version-history":[{"count":3,"href":"https:\/\/www.cde.ual.es\/en\/wp-json\/wp\/v2\/pages\/110731\/revisions"}],"predecessor-version":[{"id":122121,"href":"https:\/\/www.cde.ual.es\/en\/wp-json\/wp\/v2\/pages\/110731\/revisions\/122121"}],"wp:attachment":[{"href":"https:\/\/www.cde.ual.es\/en\/wp-json\/wp\/v2\/media?parent=110731"}],"curies":[{"name":"wp","href":"https:\/\/api.w.org\/{rel}","templated":true}]}}